{"id":401,"date":"2018-12-15T23:47:54","date_gmt":"2018-12-15T22:47:54","guid":{"rendered":"http:\/\/japan-in-baden-wuerttemberg.de\/djg2018\/?page_id=401"},"modified":"2025-04-07T18:38:32","modified_gmt":"2025-04-07T16:38:32","slug":"wohnen-schoenes","status":"publish","type":"page","link":"https:\/\/japan-in-baden-wuerttemberg.de\/djg2018\/kontakte\/kultur\/wohnen-schoenes\/","title":{"rendered":"Wohnen &#038; Sch\u00f6nes"},"content":{"rendered":"<p><strong>Shoji &#8211; japanische Trennw\u00e4nde<\/strong><br \/>\n<span style=\"color: #ff0000;\"><a style=\"color: #ff0000;\" href=\"http:\/\/www.schreinerei-risch.de\/\" target=\"_blank\" rel=\"noopener\">http:\/\/www.schreinerei-risch.de<\/a><\/span><\/p>\n<p><strong>Keramikwerkstatt Kosaki<\/strong><br \/>\nE-Mail:\u00a0<span style=\"color: #ff0000;\"><a style=\"color: #ff0000;\" href=\"mailto:kanta@t-online.de\" target=\"_blank\" rel=\"noopener\">kanta@t-online.de<\/a><\/span><\/p>\n<p><strong>Japan-Shop IZUMI<\/strong><br \/>\n<span style=\"color: #ff0000;\"><a style=\"color: #ff0000;\" href=\"http:\/\/www.izumi.de\/\" target=\"_blank\" rel=\"noopener\">http:\/\/www.izumi.de<\/a><\/span><\/p>\n<p><strong>Spezialist f\u00fcr Japanm\u00f6bel und Shoji<\/strong><br \/>\n<span style=\"color: #ff0000;\"><a class=\"moz-txt-link-abbreviated\" style=\"color: #ff0000;\" href=\"http:\/\/www.shoji-zentrum.de\" target=\"_blank\" rel=\"noopener\">www.shoji-zentrum.de<\/a><\/span><br \/>\nSchreinerei Risch e.K.<br \/>\nDorfstr. 28<br \/>\n85135 Titting \/ Kaldorf<br \/>\nTelefon: +49 (0) 842 36 02<br \/>\n<span style=\"color: #ff0000;\"><a class=\"moz-txt-link-abbreviated\" style=\"color: #ff0000;\" href=\"mailto:info@schreinerei-risch.de\">info@schreinerei-risch.de<\/a><\/span><\/p>\n","protected":false},"excerpt":{"rendered":"<p>Shoji &#8211; japanische Trennw\u00e4nde http:\/\/www.schreinerei-risch.de Keramikwerkstatt Kosaki E-Mail:\u00a0kanta@t-online.de Japan-Shop IZUMI http:\/\/www.izumi.de Spezialist f\u00fcr Japanm\u00f6bel und Shoji www.shoji-zentrum.de Schreinerei Risch e.K. Dorfstr. 28 85135 Titting \/ Kaldorf Telefon: +49 (0) 842 [&hellip;]<\/p>\n","protected":false},"author":1,"featured_media":0,"parent":238,"menu_order":0,"comment_status":"closed","ping_status":"closed","template":"page-template-fullwidth.php","meta":{"_et_pb_use_builder":"","_et_pb_old_content":"","_et_gb_content_width":"","footnotes":""},"class_list":["post-401","page","type-page","status-publish","hentry"],"yoast_head":"<!-- This site is optimized with the Yoast SEO plugin v27.3 - https:\/\/yoast.com\/product\/yoast-seo-wordpress\/ -->\n<title>Wohnen &amp; Sch\u00f6nes - DJG BW | Deutsch-Japanische Gesellschaft Baden-W\u00fcrttemberg e.V.<\/title>\n<meta name=\"robots\" content=\"index, follow, max-snippet:-1, max-image-preview:large, max-video-preview:-1\" \/>\n<link rel=\"canonical\" href=\"https:\/\/japan-in-baden-wuerttemberg.de\/djg2018\/kontakte\/kultur\/wohnen-schoenes\/\" \/>\n<meta property=\"og:locale\" content=\"de_DE\" \/>\n<meta property=\"og:type\" content=\"article\" \/>\n<meta property=\"og:title\" content=\"Wohnen &amp; Sch\u00f6nes - DJG BW | Deutsch-Japanische Gesellschaft Baden-W\u00fcrttemberg e.V.\" \/>\n<meta property=\"og:description\" content=\"Shoji &#8211; japanische Trennw\u00e4nde http:\/\/www.schreinerei-risch.de Keramikwerkstatt Kosaki E-Mail:\u00a0kanta@t-online.de Japan-Shop IZUMI http:\/\/www.izumi.de Spezialist f\u00fcr Japanm\u00f6bel und Shoji www.shoji-zentrum.de Schreinerei Risch e.K. Dorfstr. 28 85135 Titting \/ Kaldorf Telefon: +49 (0) 842 [&hellip;]\" \/>\n<meta property=\"og:url\" content=\"https:\/\/japan-in-baden-wuerttemberg.de\/djg2018\/kontakte\/kultur\/wohnen-schoenes\/\" \/>\n<meta property=\"og:site_name\" content=\"DJG BW | Deutsch-Japanische Gesellschaft Baden-W\u00fcrttemberg e.V.\" \/>\n<meta property=\"article:modified_time\" content=\"2025-04-07T16:38:32+00:00\" \/>\n<meta name=\"twitter:card\" content=\"summary_large_image\" \/>\n<meta name=\"twitter:label1\" content=\"Gesch\u00e4tzte Lesezeit\" \/>\n\t<meta name=\"twitter:data1\" content=\"1\u00a0Minute\" \/>\n<script type=\"application\/ld+json\" class=\"yoast-schema-graph\">{\"@context\":\"https:\\\/\\\/schema.org\",\"@graph\":[{\"@type\":\"WebPage\",\"@id\":\"https:\\\/\\\/japan-in-baden-wuerttemberg.de\\\/djg2018\\\/kontakte\\\/kultur\\\/wohnen-schoenes\\\/\",\"url\":\"https:\\\/\\\/japan-in-baden-wuerttemberg.de\\\/djg2018\\\/kontakte\\\/kultur\\\/wohnen-schoenes\\\/\",\"name\":\"Wohnen & Sch\u00f6nes - DJG BW | Deutsch-Japanische Gesellschaft Baden-W\u00fcrttemberg e.V.\",\"isPartOf\":{\"@id\":\"https:\\\/\\\/japan-in-baden-wuerttemberg.de\\\/djg2018\\\/#website\"},\"datePublished\":\"2018-12-15T22:47:54+00:00\",\"dateModified\":\"2025-04-07T16:38:32+00:00\",\"breadcrumb\":{\"@id\":\"https:\\\/\\\/japan-in-baden-wuerttemberg.de\\\/djg2018\\\/kontakte\\\/kultur\\\/wohnen-schoenes\\\/#breadcrumb\"},\"inLanguage\":\"de\",\"potentialAction\":[{\"@type\":\"ReadAction\",\"target\":[\"https:\\\/\\\/japan-in-baden-wuerttemberg.de\\\/djg2018\\\/kontakte\\\/kultur\\\/wohnen-schoenes\\\/\"]}]},{\"@type\":\"BreadcrumbList\",\"@id\":\"https:\\\/\\\/japan-in-baden-wuerttemberg.de\\\/djg2018\\\/kontakte\\\/kultur\\\/wohnen-schoenes\\\/#breadcrumb\",\"itemListElement\":[{\"@type\":\"ListItem\",\"position\":1,\"name\":\"Startseite\",\"item\":\"https:\\\/\\\/japan-in-baden-wuerttemberg.de\\\/djg2018\\\/\"},{\"@type\":\"ListItem\",\"position\":2,\"name\":\"Kontakte &#038; Ansprechpartner\",\"item\":\"https:\\\/\\\/japan-in-baden-wuerttemberg.de\\\/djg2018\\\/kontakte\\\/\"},{\"@type\":\"ListItem\",\"position\":3,\"name\":\"Kultur\",\"item\":\"https:\\\/\\\/japan-in-baden-wuerttemberg.de\\\/djg2018\\\/kontakte\\\/kultur\\\/\"},{\"@type\":\"ListItem\",\"position\":4,\"name\":\"Wohnen &#038; Sch\u00f6nes\"}]},{\"@type\":\"WebSite\",\"@id\":\"https:\\\/\\\/japan-in-baden-wuerttemberg.de\\\/djg2018\\\/#website\",\"url\":\"https:\\\/\\\/japan-in-baden-wuerttemberg.de\\\/djg2018\\\/\",\"name\":\"DJG BW | Deutsch-Japanische Gesellschaft Baden-W\u00fcrttemberg e.V.\",\"description\":\"\",\"publisher\":{\"@id\":\"https:\\\/\\\/japan-in-baden-wuerttemberg.de\\\/djg2018\\\/#organization\"},\"potentialAction\":[{\"@type\":\"SearchAction\",\"target\":{\"@type\":\"EntryPoint\",\"urlTemplate\":\"https:\\\/\\\/japan-in-baden-wuerttemberg.de\\\/djg2018\\\/?s={search_term_string}\"},\"query-input\":{\"@type\":\"PropertyValueSpecification\",\"valueRequired\":true,\"valueName\":\"search_term_string\"}}],\"inLanguage\":\"de\"},{\"@type\":\"Organization\",\"@id\":\"https:\\\/\\\/japan-in-baden-wuerttemberg.de\\\/djg2018\\\/#organization\",\"name\":\"Deutsch-Japanische Gesellschaft Baden-W\u00fcrttemberg e.V.\",\"url\":\"https:\\\/\\\/japan-in-baden-wuerttemberg.de\\\/djg2018\\\/\",\"logo\":{\"@type\":\"ImageObject\",\"inLanguage\":\"de\",\"@id\":\"https:\\\/\\\/japan-in-baden-wuerttemberg.de\\\/djg2018\\\/#\\\/schema\\\/logo\\\/image\\\/\",\"url\":\"https:\\\/\\\/japan-in-baden-wuerttemberg.de\\\/djg2018\\\/wp-content\\\/uploads\\\/2018\\\/12\\\/djg_bw_logo2.jpg\",\"contentUrl\":\"https:\\\/\\\/japan-in-baden-wuerttemberg.de\\\/djg2018\\\/wp-content\\\/uploads\\\/2018\\\/12\\\/djg_bw_logo2.jpg\",\"width\":708,\"height\":200,\"caption\":\"Deutsch-Japanische Gesellschaft Baden-W\u00fcrttemberg e.V.\"},\"image\":{\"@id\":\"https:\\\/\\\/japan-in-baden-wuerttemberg.de\\\/djg2018\\\/#\\\/schema\\\/logo\\\/image\\\/\"}}]}<\/script>\n<!-- \/ Yoast SEO plugin. -->","yoast_head_json":{"title":"Wohnen & Sch\u00f6nes - DJG BW | Deutsch-Japanische Gesellschaft Baden-W\u00fcrttemberg e.V.","robots":{"index":"index","follow":"follow","max-snippet":"max-snippet:-1","max-image-preview":"max-image-preview:large","max-video-preview":"max-video-preview:-1"},"canonical":"https:\/\/japan-in-baden-wuerttemberg.de\/djg2018\/kontakte\/kultur\/wohnen-schoenes\/","og_locale":"de_DE","og_type":"article","og_title":"Wohnen & Sch\u00f6nes - DJG BW | Deutsch-Japanische Gesellschaft Baden-W\u00fcrttemberg e.V.","og_description":"Shoji &#8211; japanische Trennw\u00e4nde http:\/\/www.schreinerei-risch.de Keramikwerkstatt Kosaki E-Mail:\u00a0kanta@t-online.de Japan-Shop IZUMI http:\/\/www.izumi.de Spezialist f\u00fcr Japanm\u00f6bel und Shoji www.shoji-zentrum.de Schreinerei Risch e.K. Dorfstr. 28 85135 Titting \/ Kaldorf Telefon: +49 (0) 842 [&hellip;]","og_url":"https:\/\/japan-in-baden-wuerttemberg.de\/djg2018\/kontakte\/kultur\/wohnen-schoenes\/","og_site_name":"DJG BW | Deutsch-Japanische Gesellschaft Baden-W\u00fcrttemberg e.V.","article_modified_time":"2025-04-07T16:38:32+00:00","twitter_card":"summary_large_image","twitter_misc":{"Gesch\u00e4tzte Lesezeit":"1\u00a0Minute"},"schema":{"@context":"https:\/\/schema.org","@graph":[{"@type":"WebPage","@id":"https:\/\/japan-in-baden-wuerttemberg.de\/djg2018\/kontakte\/kultur\/wohnen-schoenes\/","url":"https:\/\/japan-in-baden-wuerttemberg.de\/djg2018\/kontakte\/kultur\/wohnen-schoenes\/","name":"Wohnen & Sch\u00f6nes - DJG BW | Deutsch-Japanische Gesellschaft Baden-W\u00fcrttemberg e.V.","isPartOf":{"@id":"https:\/\/japan-in-baden-wuerttemberg.de\/djg2018\/#website"},"datePublished":"2018-12-15T22:47:54+00:00","dateModified":"2025-04-07T16:38:32+00:00","breadcrumb":{"@id":"https:\/\/japan-in-baden-wuerttemberg.de\/djg2018\/kontakte\/kultur\/wohnen-schoenes\/#breadcrumb"},"inLanguage":"de","potentialAction":[{"@type":"ReadAction","target":["https:\/\/japan-in-baden-wuerttemberg.de\/djg2018\/kontakte\/kultur\/wohnen-schoenes\/"]}]},{"@type":"BreadcrumbList","@id":"https:\/\/japan-in-baden-wuerttemberg.de\/djg2018\/kontakte\/kultur\/wohnen-schoenes\/#breadcrumb","itemListElement":[{"@type":"ListItem","position":1,"name":"Startseite","item":"https:\/\/japan-in-baden-wuerttemberg.de\/djg2018\/"},{"@type":"ListItem","position":2,"name":"Kontakte &#038; Ansprechpartner","item":"https:\/\/japan-in-baden-wuerttemberg.de\/djg2018\/kontakte\/"},{"@type":"ListItem","position":3,"name":"Kultur","item":"https:\/\/japan-in-baden-wuerttemberg.de\/djg2018\/kontakte\/kultur\/"},{"@type":"ListItem","position":4,"name":"Wohnen &#038; Sch\u00f6nes"}]},{"@type":"WebSite","@id":"https:\/\/japan-in-baden-wuerttemberg.de\/djg2018\/#website","url":"https:\/\/japan-in-baden-wuerttemberg.de\/djg2018\/","name":"DJG BW | Deutsch-Japanische Gesellschaft Baden-W\u00fcrttemberg e.V.","description":"","publisher":{"@id":"https:\/\/japan-in-baden-wuerttemberg.de\/djg2018\/#organization"},"potentialAction":[{"@type":"SearchAction","target":{"@type":"EntryPoint","urlTemplate":"https:\/\/japan-in-baden-wuerttemberg.de\/djg2018\/?s={search_term_string}"},"query-input":{"@type":"PropertyValueSpecification","valueRequired":true,"valueName":"search_term_string"}}],"inLanguage":"de"},{"@type":"Organization","@id":"https:\/\/japan-in-baden-wuerttemberg.de\/djg2018\/#organization","name":"Deutsch-Japanische Gesellschaft Baden-W\u00fcrttemberg e.V.","url":"https:\/\/japan-in-baden-wuerttemberg.de\/djg2018\/","logo":{"@type":"ImageObject","inLanguage":"de","@id":"https:\/\/japan-in-baden-wuerttemberg.de\/djg2018\/#\/schema\/logo\/image\/","url":"https:\/\/japan-in-baden-wuerttemberg.de\/djg2018\/wp-content\/uploads\/2018\/12\/djg_bw_logo2.jpg","contentUrl":"https:\/\/japan-in-baden-wuerttemberg.de\/djg2018\/wp-content\/uploads\/2018\/12\/djg_bw_logo2.jpg","width":708,"height":200,"caption":"Deutsch-Japanische Gesellschaft Baden-W\u00fcrttemberg e.V."},"image":{"@id":"https:\/\/japan-in-baden-wuerttemberg.de\/djg2018\/#\/schema\/logo\/image\/"}}]}},"_links":{"self":[{"href":"https:\/\/japan-in-baden-wuerttemberg.de\/djg2018\/wp-json\/wp\/v2\/pages\/401","targetHints":{"allow":["GET"]}}],"collection":[{"href":"https:\/\/japan-in-baden-wuerttemberg.de\/djg2018\/wp-json\/wp\/v2\/pages"}],"about":[{"href":"https:\/\/japan-in-baden-wuerttemberg.de\/djg2018\/wp-json\/wp\/v2\/types\/page"}],"author":[{"embeddable":true,"href":"https:\/\/japan-in-baden-wuerttemberg.de\/djg2018\/wp-json\/wp\/v2\/users\/1"}],"replies":[{"embeddable":true,"href":"https:\/\/japan-in-baden-wuerttemberg.de\/djg2018\/wp-json\/wp\/v2\/comments?post=401"}],"version-history":[{"count":0,"href":"https:\/\/japan-in-baden-wuerttemberg.de\/djg2018\/wp-json\/wp\/v2\/pages\/401\/revisions"}],"up":[{"embeddable":true,"href":"https:\/\/japan-in-baden-wuerttemberg.de\/djg2018\/wp-json\/wp\/v2\/pages\/238"}],"wp:attachment":[{"href":"https:\/\/japan-in-baden-wuerttemberg.de\/djg2018\/wp-json\/wp\/v2\/media?parent=401"}],"curies":[{"name":"wp","href":"https:\/\/api.w.org\/{rel}","templated":true}]}}