{"id":389,"date":"2018-12-15T23:40:12","date_gmt":"2018-12-15T22:40:12","guid":{"rendered":"http:\/\/japan-in-baden-wuerttemberg.de\/djg2018\/?page_id=389"},"modified":"2018-12-15T23:40:12","modified_gmt":"2018-12-15T22:40:12","slug":"essen-trinken","status":"publish","type":"page","link":"https:\/\/japan-in-baden-wuerttemberg.de\/djg2018\/kontakte\/kultur\/essen-trinken\/","title":{"rendered":"Essen &#038; Trinken"},"content":{"rendered":"<p style=\"font-weight: 400;\"><strong>TOKIO DINING<\/strong><\/p>\n<p style=\"font-weight: 400;\">Steubenstr.12<br \/>\n70190 Stuttgart-Ost<br \/>\nTel.: 0711 \/ 50 44 31 02<\/p>\n<p style=\"font-weight: 400;\">Homepage:\u00a0<a href=\"http:\/\/www.tokiodining.de\" target=\"_blank\" rel=\"noopener\"><u>http:\/\/www.tokiodining.de<\/u><\/a><\/p>\n<p style=\"font-weight: 400;\"><strong>TATAMI caf\u00e9 &amp; restaurant<\/strong><br \/>\nMagazinplatz 2<br \/>\n72072 T\u00fcbingen<\/p>\n<p style=\"font-weight: 400;\">Sabine Koschorreck\u00a0Inhaberin &amp; Gesch\u00e4ftsf\u00fchrerin<\/p>\n<p style=\"font-weight: 400;\">Tel.: 07071 \/\u00a0 77 046 45<br \/>\nFax:\u00a0 07071 \/ 99 87 11<br \/>\nMobil: 0176 \/ 62 338 256<br \/>\nE-Mail:\u00a0<a href=\"mailto:kontakt@tatami-restaurant.de\"><u>kontakt@tatami-restaurant.de<\/u><\/a><\/p>\n<p style=\"font-weight: 400;\">Webseite: <a href=\"http:\/\/www.tatami-restaurant.de\/\">http:\/\/www.tatami-restaurant.de<\/a><\/p>\n<p style=\"font-weight: 400;\"><strong>KICHO<br \/>\n<\/strong>Japanisches Restaurant in Stuttgart<br \/>\n<a href=\"http:\/\/www.kicho.de\/\">http:\/\/www.kicho.de<\/a><\/p>\n<p style=\"font-weight: 400;\"><strong>KIKUYA<\/strong><\/p>\n<p style=\"font-weight: 400;\">Japanese Restaurant<\/p>\n<p style=\"font-weight: 400;\">Calwer Str.31<br \/>\n70173 Stuttgart<\/p>\n<p style=\"font-weight: 400;\">Tel.: 0711 \/ 504 474 24<\/p>\n<p style=\"font-weight: 400;\"><strong>Izumi Fern\u00f6stliche Spezialit\u00e4ten<\/strong><br \/>\nListstr.26<br \/>\n70180 Stuttgart<br \/>\nTel\/Fax 0711\/606895<br \/>\nJapanische Lebensmittel, exotische Naturwaren, Geschenkartikel, etc.<br \/>\n<a href=\"http:\/\/www.izumi.de\/\">http:\/\/www.izumi.de<\/a><\/p>\n<p style=\"font-weight: 400;\"><strong>Asiatische Lebensmittel<\/strong><br \/>\nAsienhaus<br \/>\nHauptstr. 136<br \/>\n70771 Leinfelden-Echterdingen<br \/>\nTel\/Fax 0711\/791520)<br \/>\nAsiatische Spezialit\u00e4ten, Lebensmittel, Gew\u00fcrze, Tee, etc.<\/p>\n<p style=\"font-weight: 400;\"><strong>ELMAS Fisch-Grosshandel<\/strong><br \/>\nUlmer Str. 173<br \/>\n70188 Stuttgart<br \/>\nTel. 0711\/48000-90, Fax -91<br \/>\nHat t\u00e4glich eine gro\u00dfe Auswahl an frischen Fischen, von denen einige unbedenklich auch als Sashimi zubereitet werden k\u00f6nnen, vor allem Dorada, Ika, Sardinen, Shake und Tako. Unmittelbar daneben ist \u00fcbrigens eine t\u00fcrkische Markthalle, H\u00fcda verdi, mit einem ausgezeichneten Angebot an frischem und vor allem preiswerten Gem\u00fcse. (nach K.I. und W.T.)<\/p>\n<p style=\"font-weight: 400;\"><strong>Asienversand Silkroad (Bonn)<br \/>\n<\/strong>asiatische Lebensmittel, Getr\u00e4nke, Geschenkartikel und Haushaltswaren<br \/>\n<a href=\"http:\/\/www.asienversand.de\/\">http:\/\/www.asienversand.de<\/a><\/p>\n<p style=\"font-weight: 400;\"><strong>Sake \u2013 Kontor Berlin<\/strong><br \/>\nInfo und Versand<br \/>\n<a href=\"http:\/\/www.sake-kontor.de\/shop_sake_region_toyama.htm\">http:\/\/www.sake-kontor.de\/shop_sake_region_toyama.htm<\/a><\/p>\n<p style=\"font-weight: 400;\"><strong>Sushi Restaurants weltweit:<\/strong><br \/>\n<a href=\"http:\/\/www.sushi.to\/\">http:\/\/www.sushi.to<\/a><\/p>\n<p style=\"font-weight: 400;\"><strong>Japanische Rezepte (auf Englisch)<\/strong><br \/>\n<a href=\"http:\/\/www.japan-guide.com\/r\/e1.html\">http:\/\/www.japan-guide.com\/r\/e1.html<\/a><\/p>\n","protected":false},"excerpt":{"rendered":"<p>TOKIO DINING Steubenstr.12 70190 Stuttgart-Ost Tel.: 0711 \/ 50 44 31 02 Homepage:\u00a0http:\/\/www.tokiodining.de TATAMI caf\u00e9 &amp; restaurant Magazinplatz 2 72072 T\u00fcbingen Sabine Koschorreck\u00a0Inhaberin &amp; Gesch\u00e4ftsf\u00fchrerin Tel.: 07071 \/\u00a0 77 046 [&hellip;]<\/p>\n","protected":false},"author":1,"featured_media":0,"parent":238,"menu_order":0,"comment_status":"closed","ping_status":"closed","template":"page-template-fullwidth.php","meta":{"_et_pb_use_builder":"","_et_pb_old_content":"","_et_gb_content_width":"","footnotes":""},"class_list":["post-389","page","type-page","status-publish","hentry"],"yoast_head":"<!-- This site is optimized with the Yoast SEO plugin v27.5 - https:\/\/yoast.com\/product\/yoast-seo-wordpress\/ -->\n<title>Essen &amp; Trinken - DJG BW | Deutsch-Japanische Gesellschaft Baden-W\u00fcrttemberg e.V.<\/title>\n<meta name=\"robots\" content=\"index, follow, max-snippet:-1, max-image-preview:large, max-video-preview:-1\" \/>\n<link rel=\"canonical\" href=\"https:\/\/japan-in-baden-wuerttemberg.de\/djg2018\/kontakte\/kultur\/essen-trinken\/\" \/>\n<meta property=\"og:locale\" content=\"de_DE\" \/>\n<meta property=\"og:type\" content=\"article\" \/>\n<meta property=\"og:title\" content=\"Essen &amp; Trinken - DJG BW | Deutsch-Japanische Gesellschaft Baden-W\u00fcrttemberg e.V.\" \/>\n<meta property=\"og:description\" content=\"TOKIO DINING Steubenstr.12 70190 Stuttgart-Ost Tel.: 0711 \/ 50 44 31 02 Homepage:\u00a0http:\/\/www.tokiodining.de TATAMI caf\u00e9 &amp; restaurant Magazinplatz 2 72072 T\u00fcbingen Sabine Koschorreck\u00a0Inhaberin &amp; Gesch\u00e4ftsf\u00fchrerin Tel.: 07071 \/\u00a0 77 046 [&hellip;]\" \/>\n<meta property=\"og:url\" content=\"https:\/\/japan-in-baden-wuerttemberg.de\/djg2018\/kontakte\/kultur\/essen-trinken\/\" \/>\n<meta property=\"og:site_name\" content=\"DJG BW | Deutsch-Japanische Gesellschaft Baden-W\u00fcrttemberg e.V.\" \/>\n<meta name=\"twitter:card\" content=\"summary_large_image\" \/>\n<meta name=\"twitter:label1\" content=\"Gesch\u00e4tzte Lesezeit\" \/>\n\t<meta name=\"twitter:data1\" content=\"1\u00a0Minute\" \/>\n<script type=\"application\/ld+json\" class=\"yoast-schema-graph\">{\"@context\":\"https:\\\/\\\/schema.org\",\"@graph\":[{\"@type\":\"WebPage\",\"@id\":\"https:\\\/\\\/japan-in-baden-wuerttemberg.de\\\/djg2018\\\/kontakte\\\/kultur\\\/essen-trinken\\\/\",\"url\":\"https:\\\/\\\/japan-in-baden-wuerttemberg.de\\\/djg2018\\\/kontakte\\\/kultur\\\/essen-trinken\\\/\",\"name\":\"Essen & Trinken - DJG BW | Deutsch-Japanische Gesellschaft Baden-W\u00fcrttemberg e.V.\",\"isPartOf\":{\"@id\":\"https:\\\/\\\/japan-in-baden-wuerttemberg.de\\\/djg2018\\\/#website\"},\"datePublished\":\"2018-12-15T22:40:12+00:00\",\"breadcrumb\":{\"@id\":\"https:\\\/\\\/japan-in-baden-wuerttemberg.de\\\/djg2018\\\/kontakte\\\/kultur\\\/essen-trinken\\\/#breadcrumb\"},\"inLanguage\":\"de\",\"potentialAction\":[{\"@type\":\"ReadAction\",\"target\":[\"https:\\\/\\\/japan-in-baden-wuerttemberg.de\\\/djg2018\\\/kontakte\\\/kultur\\\/essen-trinken\\\/\"]}]},{\"@type\":\"BreadcrumbList\",\"@id\":\"https:\\\/\\\/japan-in-baden-wuerttemberg.de\\\/djg2018\\\/kontakte\\\/kultur\\\/essen-trinken\\\/#breadcrumb\",\"itemListElement\":[{\"@type\":\"ListItem\",\"position\":1,\"name\":\"Startseite\",\"item\":\"https:\\\/\\\/japan-in-baden-wuerttemberg.de\\\/djg2018\\\/\"},{\"@type\":\"ListItem\",\"position\":2,\"name\":\"Kontakte &#038; Ansprechpartner\",\"item\":\"https:\\\/\\\/japan-in-baden-wuerttemberg.de\\\/djg2018\\\/kontakte\\\/\"},{\"@type\":\"ListItem\",\"position\":3,\"name\":\"Kultur\",\"item\":\"https:\\\/\\\/japan-in-baden-wuerttemberg.de\\\/djg2018\\\/kontakte\\\/kultur\\\/\"},{\"@type\":\"ListItem\",\"position\":4,\"name\":\"Essen &#038; Trinken\"}]},{\"@type\":\"WebSite\",\"@id\":\"https:\\\/\\\/japan-in-baden-wuerttemberg.de\\\/djg2018\\\/#website\",\"url\":\"https:\\\/\\\/japan-in-baden-wuerttemberg.de\\\/djg2018\\\/\",\"name\":\"DJG BW | Deutsch-Japanische Gesellschaft Baden-W\u00fcrttemberg e.V.\",\"description\":\"\",\"publisher\":{\"@id\":\"https:\\\/\\\/japan-in-baden-wuerttemberg.de\\\/djg2018\\\/#organization\"},\"potentialAction\":[{\"@type\":\"SearchAction\",\"target\":{\"@type\":\"EntryPoint\",\"urlTemplate\":\"https:\\\/\\\/japan-in-baden-wuerttemberg.de\\\/djg2018\\\/?s={search_term_string}\"},\"query-input\":{\"@type\":\"PropertyValueSpecification\",\"valueRequired\":true,\"valueName\":\"search_term_string\"}}],\"inLanguage\":\"de\"},{\"@type\":\"Organization\",\"@id\":\"https:\\\/\\\/japan-in-baden-wuerttemberg.de\\\/djg2018\\\/#organization\",\"name\":\"Deutsch-Japanische Gesellschaft Baden-W\u00fcrttemberg e.V.\",\"url\":\"https:\\\/\\\/japan-in-baden-wuerttemberg.de\\\/djg2018\\\/\",\"logo\":{\"@type\":\"ImageObject\",\"inLanguage\":\"de\",\"@id\":\"https:\\\/\\\/japan-in-baden-wuerttemberg.de\\\/djg2018\\\/#\\\/schema\\\/logo\\\/image\\\/\",\"url\":\"https:\\\/\\\/japan-in-baden-wuerttemberg.de\\\/djg2018\\\/wp-content\\\/uploads\\\/2018\\\/12\\\/djg_bw_logo2.jpg\",\"contentUrl\":\"https:\\\/\\\/japan-in-baden-wuerttemberg.de\\\/djg2018\\\/wp-content\\\/uploads\\\/2018\\\/12\\\/djg_bw_logo2.jpg\",\"width\":708,\"height\":200,\"caption\":\"Deutsch-Japanische Gesellschaft Baden-W\u00fcrttemberg e.V.\"},\"image\":{\"@id\":\"https:\\\/\\\/japan-in-baden-wuerttemberg.de\\\/djg2018\\\/#\\\/schema\\\/logo\\\/image\\\/\"}}]}<\/script>\n<!-- \/ Yoast SEO plugin. -->","yoast_head_json":{"title":"Essen & Trinken - DJG BW | Deutsch-Japanische Gesellschaft Baden-W\u00fcrttemberg e.V.","robots":{"index":"index","follow":"follow","max-snippet":"max-snippet:-1","max-image-preview":"max-image-preview:large","max-video-preview":"max-video-preview:-1"},"canonical":"https:\/\/japan-in-baden-wuerttemberg.de\/djg2018\/kontakte\/kultur\/essen-trinken\/","og_locale":"de_DE","og_type":"article","og_title":"Essen & Trinken - DJG BW | Deutsch-Japanische Gesellschaft Baden-W\u00fcrttemberg e.V.","og_description":"TOKIO DINING Steubenstr.12 70190 Stuttgart-Ost Tel.: 0711 \/ 50 44 31 02 Homepage:\u00a0http:\/\/www.tokiodining.de TATAMI caf\u00e9 &amp; restaurant Magazinplatz 2 72072 T\u00fcbingen Sabine Koschorreck\u00a0Inhaberin &amp; Gesch\u00e4ftsf\u00fchrerin Tel.: 07071 \/\u00a0 77 046 [&hellip;]","og_url":"https:\/\/japan-in-baden-wuerttemberg.de\/djg2018\/kontakte\/kultur\/essen-trinken\/","og_site_name":"DJG BW | Deutsch-Japanische Gesellschaft Baden-W\u00fcrttemberg e.V.","twitter_card":"summary_large_image","twitter_misc":{"Gesch\u00e4tzte Lesezeit":"1\u00a0Minute"},"schema":{"@context":"https:\/\/schema.org","@graph":[{"@type":"WebPage","@id":"https:\/\/japan-in-baden-wuerttemberg.de\/djg2018\/kontakte\/kultur\/essen-trinken\/","url":"https:\/\/japan-in-baden-wuerttemberg.de\/djg2018\/kontakte\/kultur\/essen-trinken\/","name":"Essen & Trinken - DJG BW | Deutsch-Japanische Gesellschaft Baden-W\u00fcrttemberg e.V.","isPartOf":{"@id":"https:\/\/japan-in-baden-wuerttemberg.de\/djg2018\/#website"},"datePublished":"2018-12-15T22:40:12+00:00","breadcrumb":{"@id":"https:\/\/japan-in-baden-wuerttemberg.de\/djg2018\/kontakte\/kultur\/essen-trinken\/#breadcrumb"},"inLanguage":"de","potentialAction":[{"@type":"ReadAction","target":["https:\/\/japan-in-baden-wuerttemberg.de\/djg2018\/kontakte\/kultur\/essen-trinken\/"]}]},{"@type":"BreadcrumbList","@id":"https:\/\/japan-in-baden-wuerttemberg.de\/djg2018\/kontakte\/kultur\/essen-trinken\/#breadcrumb","itemListElement":[{"@type":"ListItem","position":1,"name":"Startseite","item":"https:\/\/japan-in-baden-wuerttemberg.de\/djg2018\/"},{"@type":"ListItem","position":2,"name":"Kontakte &#038; Ansprechpartner","item":"https:\/\/japan-in-baden-wuerttemberg.de\/djg2018\/kontakte\/"},{"@type":"ListItem","position":3,"name":"Kultur","item":"https:\/\/japan-in-baden-wuerttemberg.de\/djg2018\/kontakte\/kultur\/"},{"@type":"ListItem","position":4,"name":"Essen &#038; Trinken"}]},{"@type":"WebSite","@id":"https:\/\/japan-in-baden-wuerttemberg.de\/djg2018\/#website","url":"https:\/\/japan-in-baden-wuerttemberg.de\/djg2018\/","name":"DJG BW | Deutsch-Japanische Gesellschaft Baden-W\u00fcrttemberg e.V.","description":"","publisher":{"@id":"https:\/\/japan-in-baden-wuerttemberg.de\/djg2018\/#organization"},"potentialAction":[{"@type":"SearchAction","target":{"@type":"EntryPoint","urlTemplate":"https:\/\/japan-in-baden-wuerttemberg.de\/djg2018\/?s={search_term_string}"},"query-input":{"@type":"PropertyValueSpecification","valueRequired":true,"valueName":"search_term_string"}}],"inLanguage":"de"},{"@type":"Organization","@id":"https:\/\/japan-in-baden-wuerttemberg.de\/djg2018\/#organization","name":"Deutsch-Japanische Gesellschaft Baden-W\u00fcrttemberg e.V.","url":"https:\/\/japan-in-baden-wuerttemberg.de\/djg2018\/","logo":{"@type":"ImageObject","inLanguage":"de","@id":"https:\/\/japan-in-baden-wuerttemberg.de\/djg2018\/#\/schema\/logo\/image\/","url":"https:\/\/japan-in-baden-wuerttemberg.de\/djg2018\/wp-content\/uploads\/2018\/12\/djg_bw_logo2.jpg","contentUrl":"https:\/\/japan-in-baden-wuerttemberg.de\/djg2018\/wp-content\/uploads\/2018\/12\/djg_bw_logo2.jpg","width":708,"height":200,"caption":"Deutsch-Japanische Gesellschaft Baden-W\u00fcrttemberg e.V."},"image":{"@id":"https:\/\/japan-in-baden-wuerttemberg.de\/djg2018\/#\/schema\/logo\/image\/"}}]}},"_links":{"self":[{"href":"https:\/\/japan-in-baden-wuerttemberg.de\/djg2018\/wp-json\/wp\/v2\/pages\/389","targetHints":{"allow":["GET"]}}],"collection":[{"href":"https:\/\/japan-in-baden-wuerttemberg.de\/djg2018\/wp-json\/wp\/v2\/pages"}],"about":[{"href":"https:\/\/japan-in-baden-wuerttemberg.de\/djg2018\/wp-json\/wp\/v2\/types\/page"}],"author":[{"embeddable":true,"href":"https:\/\/japan-in-baden-wuerttemberg.de\/djg2018\/wp-json\/wp\/v2\/users\/1"}],"replies":[{"embeddable":true,"href":"https:\/\/japan-in-baden-wuerttemberg.de\/djg2018\/wp-json\/wp\/v2\/comments?post=389"}],"version-history":[{"count":0,"href":"https:\/\/japan-in-baden-wuerttemberg.de\/djg2018\/wp-json\/wp\/v2\/pages\/389\/revisions"}],"up":[{"embeddable":true,"href":"https:\/\/japan-in-baden-wuerttemberg.de\/djg2018\/wp-json\/wp\/v2\/pages\/238"}],"wp:attachment":[{"href":"https:\/\/japan-in-baden-wuerttemberg.de\/djg2018\/wp-json\/wp\/v2\/media?parent=389"}],"curies":[{"name":"wp","href":"https:\/\/api.w.org\/{rel}","templated":true}]}}