{"id":380,"date":"2018-12-15T23:30:29","date_gmt":"2018-12-15T22:30:29","guid":{"rendered":"http:\/\/japan-in-baden-wuerttemberg.de\/djg2018\/?page_id=380"},"modified":"2018-12-18T22:13:06","modified_gmt":"2018-12-18T21:13:06","slug":"kana-kanji-auf-dem-pc","status":"publish","type":"page","link":"https:\/\/japan-in-baden-wuerttemberg.de\/djg2018\/kontakte\/kultur\/kana-kanji-auf-dem-pc\/","title":{"rendered":"Kana &#038; Kanji auf dem PC"},"content":{"rendered":"<p style=\"font-weight: 400;\">Wenn Sie Japanfreund sind und einen Computer besitzen, wollen Sie sicher Ihren Computer dazu benutze, japanische Texte\u00a0\u00a0zu schreiben. Fr\u00fcher war es Arbeit von Spezialisten, Ihren Computer so einzurichten, dass er sowohl lateinisch als japanisch schreibt, es wird zunehmend einfacher.<\/p>\n<p style=\"font-weight: 400;\">Um den Computer daf\u00fcr einzurichten, m\u00fcssen Sie zuerst feststellen, welchen Typ sie haben, einen Computer mit Windows-Betriebssystem, einen Appel \u2013 Computer oder einen UNIX\/Linux \u2013 Computer.<\/p>\n<p style=\"font-weight: 400;\">Die nachfolgende Beschreibung gilt f\u00fcr Windows-Systeme, f\u00fcr andere wird die Einrichtung nicht viel anders durchzuf\u00fchren sein.<\/p>\n<p style=\"font-weight: 400;\">Um Ihren Windows \u2013 Computer f\u00fcr die japanische Texte einzurichten, ben\u00f6tigen Sie zus\u00e4tzliche Software, die man f\u00fcr die \u00e4lteren Windows \u2013 Version separat beschaffen musste, doch seit Windows XP sind diese Softwarepakete kostenlos von der Microsoft Homepage herunterzuladen\u00a0\u00a0bzw. sie sind auf Ihrem Computer vorinstalliert\u00a0\u00a0oder auf Ihrer System \u2013 CD enthalten, je nach Fall.<\/p>\n<p style=\"font-weight: 400;\">Um zu erfahren, welche Software Sie ben\u00f6tigen (wie die zugeh\u00f6renden Dateien hei\u00dfen), wie sie installiert und konfiguriert wird, sollten Sie die Hilfefunktion Ihres Computers aufrufen:<\/p>\n<p style=\"font-weight: 400;\">Durch Anklicken von\u00a0<strong>Start\u00a0<\/strong>dann\u00a0<strong>Hilfe und Support<\/strong>. Dort geben Sie in das Suchfeld oben links das Wort \u201eJapanisch\u201c ein. Im linken Fenster wird Ihnen das Suchergebnis angezeigt. Klicken Sie \u201eInstallieren ostasiatische Sprachdateien\u201c an und sie sehen den Text im rechten Fenster der Abbildung 1:<\/p>\n<p style=\"font-weight: 400;\">Lesen Sie bitte die Beschreibung durch und f\u00fchren Sie aus, was dort beschrieben ist.<\/p>\n<p style=\"font-weight: 400;\">Wenn Sie alles richtig ausgef\u00fchrt haben und Ihr Winword-Programm geladen haben, werden Sie in der Fu\u00df- oder Kopfleiste (je nach augenblicklicher Einstellung) einen kleinen Kasten sehen, in dem\u00a0<strong>D<\/strong>\u00a0steht.\u00a0<strong>D<\/strong>\u00a0bedeutet Deutsch. Ihr Winword arbeitet deutsch. Wenn Sie japanisch arbeiten wollen, klicken Sie diesen Kasten an. Er erweitert sich und zeigt Ihnen alle Modi an, die sie f\u00fcr Ihren Computer eingestellt haben. Falls bei der Installation keine Fehler aufgetreten sind, steht auch Japanisch darin. Klicken Sie Japanisch an. Eine Sprachgebietsleiste tut sich auf. Klicken Sie \u201eInput Mode\u201c an und stellen HIRAGANA ein. Die Hiragana \u2013 Silbe f\u00fcr AA wird sichtbar. Nun k\u00f6nnen Sie Hiragana- Zeichen eingeben (siehe Abbildung 2). Die Hiragana- Zeichen geben Sie phonetisch ein. Z.B. geben Sie auf der lateinischen Tastatur nihongo ein und Sie sehen dann das Wort Nihongo in Hiragana auf dem Bildschirm. Tippen Sie nun auf die Taste\u00a0<strong>Zwischenraum\u00a0<\/strong>und Sie bekommen eine Liste von japanischen Worten angezeigt, die alle Nihongo bedeuten k\u00f6nnten. Unter anderen sehen Sie Nihongo in Kanji \u2013 Schreibweise. Klicken Sie Ihre Kanji \u2013 Auswahl an und anschlie\u00dfend auf die Return (Wagenr\u00fccklauf) \u2013 Taste und schon erscheint das Wort Nihongo in Kanji auf dem Bildschirm. Nihongo bedeutet Japanisch (e Sprache).<\/p>\n<p><strong>Wenn<\/strong>\u00a0Sie auf Ihrem Computer japanisch schreiben k\u00f6nnen, werden Sie bald den Bedarf nach einem W\u00f6rterbuch versp\u00fcren. Ein Deutsch\/Japanisches, das auf Computern betrieben werden kann, ist hier unbekannt, aber es gibt bereits seit einigen Jahren ein recht umfangreiches Englisch\/Japanisches\/Enlisches W\u00f6rterbuch, das von einem Professor der australischen Monash \u2013 Universit\u00e4t erstellt wurde. Das W\u00f6rterbuch kann mit verschiedenen Softwareprogrammen durchbl\u00e4ttert werden. Hier ein Beispiele (Abbildung 3):<\/p>\n<p><strong>Wenn\u00a0<\/strong>Sie ein W\u00f6rterbuch f\u00fcr die japanische Sprache betreiben, wollen Sie sicher auch noch mehr, n\u00e4mlich Computer Unterst\u00fctzung f\u00fcr das Lernen der japanischen Sprache. Auch hier kann Ihnen geholfen werden. Durch Surfen im Internet werden Sie sicher reichlich finden, was Sie suchen.<\/p>\n","protected":false},"excerpt":{"rendered":"<p>Wenn Sie Japanfreund sind und einen Computer besitzen, wollen Sie sicher Ihren Computer dazu benutze, japanische Texte\u00a0\u00a0zu schreiben. Fr\u00fcher war es Arbeit von Spezialisten, Ihren Computer so einzurichten, dass er [&hellip;]<\/p>\n","protected":false},"author":1,"featured_media":0,"parent":238,"menu_order":0,"comment_status":"closed","ping_status":"closed","template":"page-template-fullwidth.php","meta":{"_et_pb_use_builder":"","_et_pb_old_content":"","_et_gb_content_width":"","footnotes":""},"class_list":["post-380","page","type-page","status-publish","hentry"],"yoast_head":"<!-- This site is optimized with the Yoast SEO plugin v27.5 - https:\/\/yoast.com\/product\/yoast-seo-wordpress\/ -->\n<title>Kana &amp; Kanji auf dem PC - DJG BW | Deutsch-Japanische Gesellschaft Baden-W\u00fcrttemberg e.V.<\/title>\n<meta name=\"robots\" content=\"index, follow, max-snippet:-1, max-image-preview:large, max-video-preview:-1\" \/>\n<link rel=\"canonical\" href=\"https:\/\/japan-in-baden-wuerttemberg.de\/djg2018\/kontakte\/kultur\/kana-kanji-auf-dem-pc\/\" \/>\n<meta property=\"og:locale\" content=\"de_DE\" \/>\n<meta property=\"og:type\" content=\"article\" \/>\n<meta property=\"og:title\" content=\"Kana &amp; Kanji auf dem PC - DJG BW | Deutsch-Japanische Gesellschaft Baden-W\u00fcrttemberg e.V.\" \/>\n<meta property=\"og:description\" content=\"Wenn Sie Japanfreund sind und einen Computer besitzen, wollen Sie sicher Ihren Computer dazu benutze, japanische Texte\u00a0\u00a0zu schreiben. Fr\u00fcher war es Arbeit von Spezialisten, Ihren Computer so einzurichten, dass er [&hellip;]\" \/>\n<meta property=\"og:url\" content=\"https:\/\/japan-in-baden-wuerttemberg.de\/djg2018\/kontakte\/kultur\/kana-kanji-auf-dem-pc\/\" \/>\n<meta property=\"og:site_name\" content=\"DJG BW | Deutsch-Japanische Gesellschaft Baden-W\u00fcrttemberg e.V.\" \/>\n<meta property=\"article:modified_time\" content=\"2018-12-18T21:13:06+00:00\" \/>\n<meta name=\"twitter:card\" content=\"summary_large_image\" \/>\n<meta name=\"twitter:label1\" content=\"Gesch\u00e4tzte Lesezeit\" \/>\n\t<meta name=\"twitter:data1\" content=\"3\u00a0Minuten\" \/>\n<script type=\"application\/ld+json\" class=\"yoast-schema-graph\">{\"@context\":\"https:\\\/\\\/schema.org\",\"@graph\":[{\"@type\":\"WebPage\",\"@id\":\"https:\\\/\\\/japan-in-baden-wuerttemberg.de\\\/djg2018\\\/kontakte\\\/kultur\\\/kana-kanji-auf-dem-pc\\\/\",\"url\":\"https:\\\/\\\/japan-in-baden-wuerttemberg.de\\\/djg2018\\\/kontakte\\\/kultur\\\/kana-kanji-auf-dem-pc\\\/\",\"name\":\"Kana & Kanji auf dem PC - DJG BW | Deutsch-Japanische Gesellschaft Baden-W\u00fcrttemberg e.V.\",\"isPartOf\":{\"@id\":\"https:\\\/\\\/japan-in-baden-wuerttemberg.de\\\/djg2018\\\/#website\"},\"datePublished\":\"2018-12-15T22:30:29+00:00\",\"dateModified\":\"2018-12-18T21:13:06+00:00\",\"breadcrumb\":{\"@id\":\"https:\\\/\\\/japan-in-baden-wuerttemberg.de\\\/djg2018\\\/kontakte\\\/kultur\\\/kana-kanji-auf-dem-pc\\\/#breadcrumb\"},\"inLanguage\":\"de\",\"potentialAction\":[{\"@type\":\"ReadAction\",\"target\":[\"https:\\\/\\\/japan-in-baden-wuerttemberg.de\\\/djg2018\\\/kontakte\\\/kultur\\\/kana-kanji-auf-dem-pc\\\/\"]}]},{\"@type\":\"BreadcrumbList\",\"@id\":\"https:\\\/\\\/japan-in-baden-wuerttemberg.de\\\/djg2018\\\/kontakte\\\/kultur\\\/kana-kanji-auf-dem-pc\\\/#breadcrumb\",\"itemListElement\":[{\"@type\":\"ListItem\",\"position\":1,\"name\":\"Startseite\",\"item\":\"https:\\\/\\\/japan-in-baden-wuerttemberg.de\\\/djg2018\\\/\"},{\"@type\":\"ListItem\",\"position\":2,\"name\":\"Kontakte &#038; Ansprechpartner\",\"item\":\"https:\\\/\\\/japan-in-baden-wuerttemberg.de\\\/djg2018\\\/kontakte\\\/\"},{\"@type\":\"ListItem\",\"position\":3,\"name\":\"Kultur\",\"item\":\"https:\\\/\\\/japan-in-baden-wuerttemberg.de\\\/djg2018\\\/kontakte\\\/kultur\\\/\"},{\"@type\":\"ListItem\",\"position\":4,\"name\":\"Kana &#038; Kanji auf dem PC\"}]},{\"@type\":\"WebSite\",\"@id\":\"https:\\\/\\\/japan-in-baden-wuerttemberg.de\\\/djg2018\\\/#website\",\"url\":\"https:\\\/\\\/japan-in-baden-wuerttemberg.de\\\/djg2018\\\/\",\"name\":\"DJG BW | Deutsch-Japanische Gesellschaft Baden-W\u00fcrttemberg e.V.\",\"description\":\"\",\"publisher\":{\"@id\":\"https:\\\/\\\/japan-in-baden-wuerttemberg.de\\\/djg2018\\\/#organization\"},\"potentialAction\":[{\"@type\":\"SearchAction\",\"target\":{\"@type\":\"EntryPoint\",\"urlTemplate\":\"https:\\\/\\\/japan-in-baden-wuerttemberg.de\\\/djg2018\\\/?s={search_term_string}\"},\"query-input\":{\"@type\":\"PropertyValueSpecification\",\"valueRequired\":true,\"valueName\":\"search_term_string\"}}],\"inLanguage\":\"de\"},{\"@type\":\"Organization\",\"@id\":\"https:\\\/\\\/japan-in-baden-wuerttemberg.de\\\/djg2018\\\/#organization\",\"name\":\"Deutsch-Japanische Gesellschaft Baden-W\u00fcrttemberg e.V.\",\"url\":\"https:\\\/\\\/japan-in-baden-wuerttemberg.de\\\/djg2018\\\/\",\"logo\":{\"@type\":\"ImageObject\",\"inLanguage\":\"de\",\"@id\":\"https:\\\/\\\/japan-in-baden-wuerttemberg.de\\\/djg2018\\\/#\\\/schema\\\/logo\\\/image\\\/\",\"url\":\"https:\\\/\\\/japan-in-baden-wuerttemberg.de\\\/djg2018\\\/wp-content\\\/uploads\\\/2018\\\/12\\\/djg_bw_logo2.jpg\",\"contentUrl\":\"https:\\\/\\\/japan-in-baden-wuerttemberg.de\\\/djg2018\\\/wp-content\\\/uploads\\\/2018\\\/12\\\/djg_bw_logo2.jpg\",\"width\":708,\"height\":200,\"caption\":\"Deutsch-Japanische Gesellschaft Baden-W\u00fcrttemberg e.V.\"},\"image\":{\"@id\":\"https:\\\/\\\/japan-in-baden-wuerttemberg.de\\\/djg2018\\\/#\\\/schema\\\/logo\\\/image\\\/\"}}]}<\/script>\n<!-- \/ Yoast SEO plugin. -->","yoast_head_json":{"title":"Kana & Kanji auf dem PC - DJG BW | Deutsch-Japanische Gesellschaft Baden-W\u00fcrttemberg e.V.","robots":{"index":"index","follow":"follow","max-snippet":"max-snippet:-1","max-image-preview":"max-image-preview:large","max-video-preview":"max-video-preview:-1"},"canonical":"https:\/\/japan-in-baden-wuerttemberg.de\/djg2018\/kontakte\/kultur\/kana-kanji-auf-dem-pc\/","og_locale":"de_DE","og_type":"article","og_title":"Kana & Kanji auf dem PC - DJG BW | Deutsch-Japanische Gesellschaft Baden-W\u00fcrttemberg e.V.","og_description":"Wenn Sie Japanfreund sind und einen Computer besitzen, wollen Sie sicher Ihren Computer dazu benutze, japanische Texte\u00a0\u00a0zu schreiben. Fr\u00fcher war es Arbeit von Spezialisten, Ihren Computer so einzurichten, dass er [&hellip;]","og_url":"https:\/\/japan-in-baden-wuerttemberg.de\/djg2018\/kontakte\/kultur\/kana-kanji-auf-dem-pc\/","og_site_name":"DJG BW | Deutsch-Japanische Gesellschaft Baden-W\u00fcrttemberg e.V.","article_modified_time":"2018-12-18T21:13:06+00:00","twitter_card":"summary_large_image","twitter_misc":{"Gesch\u00e4tzte Lesezeit":"3\u00a0Minuten"},"schema":{"@context":"https:\/\/schema.org","@graph":[{"@type":"WebPage","@id":"https:\/\/japan-in-baden-wuerttemberg.de\/djg2018\/kontakte\/kultur\/kana-kanji-auf-dem-pc\/","url":"https:\/\/japan-in-baden-wuerttemberg.de\/djg2018\/kontakte\/kultur\/kana-kanji-auf-dem-pc\/","name":"Kana & Kanji auf dem PC - DJG BW | Deutsch-Japanische Gesellschaft Baden-W\u00fcrttemberg e.V.","isPartOf":{"@id":"https:\/\/japan-in-baden-wuerttemberg.de\/djg2018\/#website"},"datePublished":"2018-12-15T22:30:29+00:00","dateModified":"2018-12-18T21:13:06+00:00","breadcrumb":{"@id":"https:\/\/japan-in-baden-wuerttemberg.de\/djg2018\/kontakte\/kultur\/kana-kanji-auf-dem-pc\/#breadcrumb"},"inLanguage":"de","potentialAction":[{"@type":"ReadAction","target":["https:\/\/japan-in-baden-wuerttemberg.de\/djg2018\/kontakte\/kultur\/kana-kanji-auf-dem-pc\/"]}]},{"@type":"BreadcrumbList","@id":"https:\/\/japan-in-baden-wuerttemberg.de\/djg2018\/kontakte\/kultur\/kana-kanji-auf-dem-pc\/#breadcrumb","itemListElement":[{"@type":"ListItem","position":1,"name":"Startseite","item":"https:\/\/japan-in-baden-wuerttemberg.de\/djg2018\/"},{"@type":"ListItem","position":2,"name":"Kontakte &#038; Ansprechpartner","item":"https:\/\/japan-in-baden-wuerttemberg.de\/djg2018\/kontakte\/"},{"@type":"ListItem","position":3,"name":"Kultur","item":"https:\/\/japan-in-baden-wuerttemberg.de\/djg2018\/kontakte\/kultur\/"},{"@type":"ListItem","position":4,"name":"Kana &#038; Kanji auf dem PC"}]},{"@type":"WebSite","@id":"https:\/\/japan-in-baden-wuerttemberg.de\/djg2018\/#website","url":"https:\/\/japan-in-baden-wuerttemberg.de\/djg2018\/","name":"DJG BW | Deutsch-Japanische Gesellschaft Baden-W\u00fcrttemberg e.V.","description":"","publisher":{"@id":"https:\/\/japan-in-baden-wuerttemberg.de\/djg2018\/#organization"},"potentialAction":[{"@type":"SearchAction","target":{"@type":"EntryPoint","urlTemplate":"https:\/\/japan-in-baden-wuerttemberg.de\/djg2018\/?s={search_term_string}"},"query-input":{"@type":"PropertyValueSpecification","valueRequired":true,"valueName":"search_term_string"}}],"inLanguage":"de"},{"@type":"Organization","@id":"https:\/\/japan-in-baden-wuerttemberg.de\/djg2018\/#organization","name":"Deutsch-Japanische Gesellschaft Baden-W\u00fcrttemberg e.V.","url":"https:\/\/japan-in-baden-wuerttemberg.de\/djg2018\/","logo":{"@type":"ImageObject","inLanguage":"de","@id":"https:\/\/japan-in-baden-wuerttemberg.de\/djg2018\/#\/schema\/logo\/image\/","url":"https:\/\/japan-in-baden-wuerttemberg.de\/djg2018\/wp-content\/uploads\/2018\/12\/djg_bw_logo2.jpg","contentUrl":"https:\/\/japan-in-baden-wuerttemberg.de\/djg2018\/wp-content\/uploads\/2018\/12\/djg_bw_logo2.jpg","width":708,"height":200,"caption":"Deutsch-Japanische Gesellschaft Baden-W\u00fcrttemberg e.V."},"image":{"@id":"https:\/\/japan-in-baden-wuerttemberg.de\/djg2018\/#\/schema\/logo\/image\/"}}]}},"_links":{"self":[{"href":"https:\/\/japan-in-baden-wuerttemberg.de\/djg2018\/wp-json\/wp\/v2\/pages\/380","targetHints":{"allow":["GET"]}}],"collection":[{"href":"https:\/\/japan-in-baden-wuerttemberg.de\/djg2018\/wp-json\/wp\/v2\/pages"}],"about":[{"href":"https:\/\/japan-in-baden-wuerttemberg.de\/djg2018\/wp-json\/wp\/v2\/types\/page"}],"author":[{"embeddable":true,"href":"https:\/\/japan-in-baden-wuerttemberg.de\/djg2018\/wp-json\/wp\/v2\/users\/1"}],"replies":[{"embeddable":true,"href":"https:\/\/japan-in-baden-wuerttemberg.de\/djg2018\/wp-json\/wp\/v2\/comments?post=380"}],"version-history":[{"count":0,"href":"https:\/\/japan-in-baden-wuerttemberg.de\/djg2018\/wp-json\/wp\/v2\/pages\/380\/revisions"}],"up":[{"embeddable":true,"href":"https:\/\/japan-in-baden-wuerttemberg.de\/djg2018\/wp-json\/wp\/v2\/pages\/238"}],"wp:attachment":[{"href":"https:\/\/japan-in-baden-wuerttemberg.de\/djg2018\/wp-json\/wp\/v2\/media?parent=380"}],"curies":[{"name":"wp","href":"https:\/\/api.w.org\/{rel}","templated":true}]}}