{"id":306,"date":"2018-12-15T20:30:04","date_gmt":"2018-12-15T19:30:04","guid":{"rendered":"http:\/\/japan-in-baden-wuerttemberg.de\/djg2018\/?page_id=306"},"modified":"2022-09-02T13:00:04","modified_gmt":"2022-09-02T11:00:04","slug":"linden-museum-stuttgart","status":"publish","type":"page","link":"https:\/\/japan-in-baden-wuerttemberg.de\/djg2018\/der-verein\/kooperationen\/linden-museum-stuttgart\/","title":{"rendered":"Linden-Museum Stuttgart"},"content":{"rendered":"<h3 align=\"justify\"><span class=\"heading\"><strong>Staatliches Museum f\u00fcr V\u00f6lkerkunde\u00a0<\/strong><\/span><span class=\"text\"><a title=\"Permanent Link to Linden-Museum Stuttgart Staatliches Museum f\u00fcr V\u00f6lkerkunde\" href=\"http:\/\/www.japan-in-baden-wuerttemberg.de\/djg\/?page_id=29#\" rel=\"bookmark\"><strong><br \/>\n<\/strong><\/a><\/span><\/h3>\n<div class=\"entry\">\n<p>Die neu gestaltete Abteilung Ostasien beschr\u00e4nkt sich auf Grund der Sammlungsbest\u00e4nde auf Exponate der Kulturen Chinas und Japans, die jedoch gegen\u00fcber der fr\u00fcheren Dauerausstellung nun mit herausragenden Neuerwerbungen der vergangenen Jahre bereichert wurden. Wie zuvor stellt der Buddhismus mit seiner ostasiatischen Auspr\u00e4gung die Verbindung zur S\u00fcdasien-Abteilung her. Japan ist mit seiner Malerei (13.-19. Jh.) und Kunstgewerbe aus verschiedenen Materialien vertreten, zum Teil ausgestellt in Nachbauten eines Teehauses und eines traditionellen Wohnraumes.<\/p>\n<p>Linden-Museum Stuttgart<br \/>\nStaatliches Museum f\u00fcr V\u00f6lkerkunde<br \/>\nHegelplatz 1<br \/>\n70174 Stuttgart \/ Germany<br \/>\nTel. ++49-(0)711\/2022-3<br \/>\nFax: ++49-(0)711\/2022-590<br \/>\nE-Mail: <a href=\"mailto:sekretariat@lindenmuseum.de\">sekretariat@lindenmuseum.de<\/a><\/p>\n<p><a href=\"http:\/\/www.lindenmuseum.de\/\" target=\"_blank\" rel=\"noopener\">http:\/\/www.lindenmuseum.de<\/a><\/p>\n<\/div>\n","protected":false},"excerpt":{"rendered":"<p>Staatliches Museum f\u00fcr V\u00f6lkerkunde\u00a0 Die neu gestaltete Abteilung Ostasien beschr\u00e4nkt sich auf Grund der Sammlungsbest\u00e4nde auf Exponate der Kulturen Chinas und Japans, die jedoch gegen\u00fcber der fr\u00fcheren Dauerausstellung nun mit [&hellip;]<\/p>\n","protected":false},"author":1,"featured_media":0,"parent":279,"menu_order":6,"comment_status":"closed","ping_status":"closed","template":"page-template-fullwidth.php","meta":{"_et_pb_use_builder":"","_et_pb_old_content":"","_et_gb_content_width":"","footnotes":""},"class_list":["post-306","page","type-page","status-publish","hentry"],"yoast_head":"<!-- This site is optimized with the Yoast SEO plugin v27.5 - https:\/\/yoast.com\/product\/yoast-seo-wordpress\/ -->\n<title>Linden-Museum Stuttgart - DJG BW | Deutsch-Japanische Gesellschaft Baden-W\u00fcrttemberg e.V.<\/title>\n<meta name=\"robots\" content=\"index, follow, max-snippet:-1, max-image-preview:large, max-video-preview:-1\" \/>\n<link rel=\"canonical\" href=\"https:\/\/japan-in-baden-wuerttemberg.de\/djg2018\/der-verein\/kooperationen\/linden-museum-stuttgart\/\" \/>\n<meta property=\"og:locale\" content=\"de_DE\" \/>\n<meta property=\"og:type\" content=\"article\" \/>\n<meta property=\"og:title\" content=\"Linden-Museum Stuttgart - DJG BW | Deutsch-Japanische Gesellschaft Baden-W\u00fcrttemberg e.V.\" \/>\n<meta property=\"og:description\" content=\"Staatliches Museum f\u00fcr V\u00f6lkerkunde\u00a0 Die neu gestaltete Abteilung Ostasien beschr\u00e4nkt sich auf Grund der Sammlungsbest\u00e4nde auf Exponate der Kulturen Chinas und Japans, die jedoch gegen\u00fcber der fr\u00fcheren Dauerausstellung nun mit [&hellip;]\" \/>\n<meta property=\"og:url\" content=\"https:\/\/japan-in-baden-wuerttemberg.de\/djg2018\/der-verein\/kooperationen\/linden-museum-stuttgart\/\" \/>\n<meta property=\"og:site_name\" content=\"DJG BW | Deutsch-Japanische Gesellschaft Baden-W\u00fcrttemberg e.V.\" \/>\n<meta property=\"article:modified_time\" content=\"2022-09-02T11:00:04+00:00\" \/>\n<meta name=\"twitter:card\" content=\"summary_large_image\" \/>\n<meta name=\"twitter:label1\" content=\"Gesch\u00e4tzte Lesezeit\" \/>\n\t<meta name=\"twitter:data1\" content=\"1\u00a0Minute\" \/>\n<script type=\"application\/ld+json\" class=\"yoast-schema-graph\">{\"@context\":\"https:\\\/\\\/schema.org\",\"@graph\":[{\"@type\":\"WebPage\",\"@id\":\"https:\\\/\\\/japan-in-baden-wuerttemberg.de\\\/djg2018\\\/der-verein\\\/kooperationen\\\/linden-museum-stuttgart\\\/\",\"url\":\"https:\\\/\\\/japan-in-baden-wuerttemberg.de\\\/djg2018\\\/der-verein\\\/kooperationen\\\/linden-museum-stuttgart\\\/\",\"name\":\"Linden-Museum Stuttgart - DJG BW | Deutsch-Japanische Gesellschaft Baden-W\u00fcrttemberg e.V.\",\"isPartOf\":{\"@id\":\"https:\\\/\\\/japan-in-baden-wuerttemberg.de\\\/djg2018\\\/#website\"},\"datePublished\":\"2018-12-15T19:30:04+00:00\",\"dateModified\":\"2022-09-02T11:00:04+00:00\",\"breadcrumb\":{\"@id\":\"https:\\\/\\\/japan-in-baden-wuerttemberg.de\\\/djg2018\\\/der-verein\\\/kooperationen\\\/linden-museum-stuttgart\\\/#breadcrumb\"},\"inLanguage\":\"de\",\"potentialAction\":[{\"@type\":\"ReadAction\",\"target\":[\"https:\\\/\\\/japan-in-baden-wuerttemberg.de\\\/djg2018\\\/der-verein\\\/kooperationen\\\/linden-museum-stuttgart\\\/\"]}]},{\"@type\":\"BreadcrumbList\",\"@id\":\"https:\\\/\\\/japan-in-baden-wuerttemberg.de\\\/djg2018\\\/der-verein\\\/kooperationen\\\/linden-museum-stuttgart\\\/#breadcrumb\",\"itemListElement\":[{\"@type\":\"ListItem\",\"position\":1,\"name\":\"Startseite\",\"item\":\"https:\\\/\\\/japan-in-baden-wuerttemberg.de\\\/djg2018\\\/\"},{\"@type\":\"ListItem\",\"position\":2,\"name\":\"Der Verein\",\"item\":\"https:\\\/\\\/japan-in-baden-wuerttemberg.de\\\/djg2018\\\/der-verein\\\/\"},{\"@type\":\"ListItem\",\"position\":3,\"name\":\"Kooperationen\",\"item\":\"https:\\\/\\\/japan-in-baden-wuerttemberg.de\\\/djg2018\\\/der-verein\\\/kooperationen\\\/\"},{\"@type\":\"ListItem\",\"position\":4,\"name\":\"Linden-Museum Stuttgart\"}]},{\"@type\":\"WebSite\",\"@id\":\"https:\\\/\\\/japan-in-baden-wuerttemberg.de\\\/djg2018\\\/#website\",\"url\":\"https:\\\/\\\/japan-in-baden-wuerttemberg.de\\\/djg2018\\\/\",\"name\":\"DJG BW | Deutsch-Japanische Gesellschaft Baden-W\u00fcrttemberg e.V.\",\"description\":\"\",\"publisher\":{\"@id\":\"https:\\\/\\\/japan-in-baden-wuerttemberg.de\\\/djg2018\\\/#organization\"},\"potentialAction\":[{\"@type\":\"SearchAction\",\"target\":{\"@type\":\"EntryPoint\",\"urlTemplate\":\"https:\\\/\\\/japan-in-baden-wuerttemberg.de\\\/djg2018\\\/?s={search_term_string}\"},\"query-input\":{\"@type\":\"PropertyValueSpecification\",\"valueRequired\":true,\"valueName\":\"search_term_string\"}}],\"inLanguage\":\"de\"},{\"@type\":\"Organization\",\"@id\":\"https:\\\/\\\/japan-in-baden-wuerttemberg.de\\\/djg2018\\\/#organization\",\"name\":\"Deutsch-Japanische Gesellschaft Baden-W\u00fcrttemberg e.V.\",\"url\":\"https:\\\/\\\/japan-in-baden-wuerttemberg.de\\\/djg2018\\\/\",\"logo\":{\"@type\":\"ImageObject\",\"inLanguage\":\"de\",\"@id\":\"https:\\\/\\\/japan-in-baden-wuerttemberg.de\\\/djg2018\\\/#\\\/schema\\\/logo\\\/image\\\/\",\"url\":\"https:\\\/\\\/japan-in-baden-wuerttemberg.de\\\/djg2018\\\/wp-content\\\/uploads\\\/2018\\\/12\\\/djg_bw_logo2.jpg\",\"contentUrl\":\"https:\\\/\\\/japan-in-baden-wuerttemberg.de\\\/djg2018\\\/wp-content\\\/uploads\\\/2018\\\/12\\\/djg_bw_logo2.jpg\",\"width\":708,\"height\":200,\"caption\":\"Deutsch-Japanische Gesellschaft Baden-W\u00fcrttemberg e.V.\"},\"image\":{\"@id\":\"https:\\\/\\\/japan-in-baden-wuerttemberg.de\\\/djg2018\\\/#\\\/schema\\\/logo\\\/image\\\/\"}}]}<\/script>\n<!-- \/ Yoast SEO plugin. -->","yoast_head_json":{"title":"Linden-Museum Stuttgart - DJG BW | Deutsch-Japanische Gesellschaft Baden-W\u00fcrttemberg e.V.","robots":{"index":"index","follow":"follow","max-snippet":"max-snippet:-1","max-image-preview":"max-image-preview:large","max-video-preview":"max-video-preview:-1"},"canonical":"https:\/\/japan-in-baden-wuerttemberg.de\/djg2018\/der-verein\/kooperationen\/linden-museum-stuttgart\/","og_locale":"de_DE","og_type":"article","og_title":"Linden-Museum Stuttgart - DJG BW | Deutsch-Japanische Gesellschaft Baden-W\u00fcrttemberg e.V.","og_description":"Staatliches Museum f\u00fcr V\u00f6lkerkunde\u00a0 Die neu gestaltete Abteilung Ostasien beschr\u00e4nkt sich auf Grund der Sammlungsbest\u00e4nde auf Exponate der Kulturen Chinas und Japans, die jedoch gegen\u00fcber der fr\u00fcheren Dauerausstellung nun mit [&hellip;]","og_url":"https:\/\/japan-in-baden-wuerttemberg.de\/djg2018\/der-verein\/kooperationen\/linden-museum-stuttgart\/","og_site_name":"DJG BW | Deutsch-Japanische Gesellschaft Baden-W\u00fcrttemberg e.V.","article_modified_time":"2022-09-02T11:00:04+00:00","twitter_card":"summary_large_image","twitter_misc":{"Gesch\u00e4tzte Lesezeit":"1\u00a0Minute"},"schema":{"@context":"https:\/\/schema.org","@graph":[{"@type":"WebPage","@id":"https:\/\/japan-in-baden-wuerttemberg.de\/djg2018\/der-verein\/kooperationen\/linden-museum-stuttgart\/","url":"https:\/\/japan-in-baden-wuerttemberg.de\/djg2018\/der-verein\/kooperationen\/linden-museum-stuttgart\/","name":"Linden-Museum Stuttgart - DJG BW | Deutsch-Japanische Gesellschaft Baden-W\u00fcrttemberg e.V.","isPartOf":{"@id":"https:\/\/japan-in-baden-wuerttemberg.de\/djg2018\/#website"},"datePublished":"2018-12-15T19:30:04+00:00","dateModified":"2022-09-02T11:00:04+00:00","breadcrumb":{"@id":"https:\/\/japan-in-baden-wuerttemberg.de\/djg2018\/der-verein\/kooperationen\/linden-museum-stuttgart\/#breadcrumb"},"inLanguage":"de","potentialAction":[{"@type":"ReadAction","target":["https:\/\/japan-in-baden-wuerttemberg.de\/djg2018\/der-verein\/kooperationen\/linden-museum-stuttgart\/"]}]},{"@type":"BreadcrumbList","@id":"https:\/\/japan-in-baden-wuerttemberg.de\/djg2018\/der-verein\/kooperationen\/linden-museum-stuttgart\/#breadcrumb","itemListElement":[{"@type":"ListItem","position":1,"name":"Startseite","item":"https:\/\/japan-in-baden-wuerttemberg.de\/djg2018\/"},{"@type":"ListItem","position":2,"name":"Der Verein","item":"https:\/\/japan-in-baden-wuerttemberg.de\/djg2018\/der-verein\/"},{"@type":"ListItem","position":3,"name":"Kooperationen","item":"https:\/\/japan-in-baden-wuerttemberg.de\/djg2018\/der-verein\/kooperationen\/"},{"@type":"ListItem","position":4,"name":"Linden-Museum Stuttgart"}]},{"@type":"WebSite","@id":"https:\/\/japan-in-baden-wuerttemberg.de\/djg2018\/#website","url":"https:\/\/japan-in-baden-wuerttemberg.de\/djg2018\/","name":"DJG BW | Deutsch-Japanische Gesellschaft Baden-W\u00fcrttemberg e.V.","description":"","publisher":{"@id":"https:\/\/japan-in-baden-wuerttemberg.de\/djg2018\/#organization"},"potentialAction":[{"@type":"SearchAction","target":{"@type":"EntryPoint","urlTemplate":"https:\/\/japan-in-baden-wuerttemberg.de\/djg2018\/?s={search_term_string}"},"query-input":{"@type":"PropertyValueSpecification","valueRequired":true,"valueName":"search_term_string"}}],"inLanguage":"de"},{"@type":"Organization","@id":"https:\/\/japan-in-baden-wuerttemberg.de\/djg2018\/#organization","name":"Deutsch-Japanische Gesellschaft Baden-W\u00fcrttemberg e.V.","url":"https:\/\/japan-in-baden-wuerttemberg.de\/djg2018\/","logo":{"@type":"ImageObject","inLanguage":"de","@id":"https:\/\/japan-in-baden-wuerttemberg.de\/djg2018\/#\/schema\/logo\/image\/","url":"https:\/\/japan-in-baden-wuerttemberg.de\/djg2018\/wp-content\/uploads\/2018\/12\/djg_bw_logo2.jpg","contentUrl":"https:\/\/japan-in-baden-wuerttemberg.de\/djg2018\/wp-content\/uploads\/2018\/12\/djg_bw_logo2.jpg","width":708,"height":200,"caption":"Deutsch-Japanische Gesellschaft Baden-W\u00fcrttemberg e.V."},"image":{"@id":"https:\/\/japan-in-baden-wuerttemberg.de\/djg2018\/#\/schema\/logo\/image\/"}}]}},"_links":{"self":[{"href":"https:\/\/japan-in-baden-wuerttemberg.de\/djg2018\/wp-json\/wp\/v2\/pages\/306","targetHints":{"allow":["GET"]}}],"collection":[{"href":"https:\/\/japan-in-baden-wuerttemberg.de\/djg2018\/wp-json\/wp\/v2\/pages"}],"about":[{"href":"https:\/\/japan-in-baden-wuerttemberg.de\/djg2018\/wp-json\/wp\/v2\/types\/page"}],"author":[{"embeddable":true,"href":"https:\/\/japan-in-baden-wuerttemberg.de\/djg2018\/wp-json\/wp\/v2\/users\/1"}],"replies":[{"embeddable":true,"href":"https:\/\/japan-in-baden-wuerttemberg.de\/djg2018\/wp-json\/wp\/v2\/comments?post=306"}],"version-history":[{"count":0,"href":"https:\/\/japan-in-baden-wuerttemberg.de\/djg2018\/wp-json\/wp\/v2\/pages\/306\/revisions"}],"up":[{"embeddable":true,"href":"https:\/\/japan-in-baden-wuerttemberg.de\/djg2018\/wp-json\/wp\/v2\/pages\/279"}],"wp:attachment":[{"href":"https:\/\/japan-in-baden-wuerttemberg.de\/djg2018\/wp-json\/wp\/v2\/media?parent=306"}],"curies":[{"name":"wp","href":"https:\/\/api.w.org\/{rel}","templated":true}]}}