{"id":279,"date":"2018-12-15T20:10:42","date_gmt":"2018-12-15T19:10:42","guid":{"rendered":"http:\/\/japan-in-baden-wuerttemberg.de\/djg2018\/?page_id=279"},"modified":"2018-12-18T22:04:26","modified_gmt":"2018-12-18T21:04:26","slug":"kooperationen","status":"publish","type":"page","link":"https:\/\/japan-in-baden-wuerttemberg.de\/djg2018\/der-verein\/kooperationen\/","title":{"rendered":"Kooperationen"},"content":{"rendered":"<p>Die Deutsch\u2013Japanische Gesellschaft Baden\u2013W\u00fcrttemberg will vorhandene, japanbezogene Ressourcen integrativ zur Geltung bringen. Das bedeutet, dass wir Veranstaltungen f\u00f6rdern, die einzelne Organisationen von sich aus nicht bieten k\u00f6nnen; dabei wird auch auf die Vernetzung geeigneter Organisationen Wert gelegt. Dies erm\u00f6glicht es auch einen hohen Anspruch an das Dargebotene zu legen.<\/p>\n<p><strong>Kooperation mit der Deutschen Gesellschaft f\u00fcr Natur- und V\u00f6lkerkunde Ostasiens (OAG)<\/strong><\/p>\n<p>Die DJG-BW ist Mitglied der OAG und kann deren Ressourcen f\u00fcr ihre Mitglieder zug\u00e4nglich machen. Die wichtigste Ressource der OAG ist ihr Archiv, das\u00a0\u00a0Forschungsberichte seit 1873 beinhaltet, die fortlaufend digitalisiert und damit \u00fcber Internet zug\u00e4nglich werden.<\/p>\n<p style=\"font-weight: 400;\"><strong>\u00dcber die OAG<\/strong><\/p>\n<p style=\"font-weight: 400;\">Die Deutsche Gesellschaft f\u00fcr Natur- und V\u00f6lkerkunde Ostasiens, Tokyo, auch Ostasiatische Gesellschaft (OAG) genannt, wurde 1873 von deutschen Kaufleuten, Gelehrten und Diplomaten in Tokyo gegr\u00fcndet. Ihr Ziel ist es, die L\u00e4nder Ostasiens, insbesondere Japan, zu erforschen und Kenntnisse dar\u00fcber zu verbreiten. Diese wissenschaftliche Aufgabe verbindet die OAG mit einer geselligen Funktion. So sind neben der Vortrags- und Ver\u00f6ffentlichungst\u00e4tigkeit Exkursionen, Reisen, Feiern und kulturelle Veranstaltungen Bestandteil der Aktivit\u00e4ten der OAG. Die umfangreiche Bibliothek enth\u00e4lt \u00fcber 6.500 Werke in deutscher und englischer Sprache.<\/p>\n<p style=\"font-weight: 400;\">Die OAG ist ein gemeinn\u00fctziger Mitgliederverein japanischen Rechts, der sich seit seiner Gr\u00fcndung aus eigener Kraft finanziert und auch in Zukunft seine Unabh\u00e4ngigkeit bewahren m\u00f6chte. Der wissenschaftliche Betrieb wird haupts\u00e4chlich durch die Vermietung von R\u00e4umen im OAG-Haus Tokyo finanziert. Daneben ist die OAG auf Spenden und Projektfinanzierung angewiesen. \u00dcber M\u00f6glichkeiten des Sponsorings informiert Sie gerne das OAG-B\u00fcro.<\/p>\n<p style=\"font-weight: 400;\">F\u00fcr die in Westjapan wohnenden Mitglieder f\u00fchrt seit 1954 die Zweiggruppe Kobe-Osaka im OAG-Zentrum Kobe ein eigenes Veranstaltungsprogramm durch.<\/p>\n<p style=\"font-weight: 400;\">Weitere Ausk\u00fcnfte \u00fcber Programm und Mitgliedschaft erteilen gern Frau Dr. Maike Roeder un d Frau Tomoko Matsumoto im B\u00fcro der OAG Tokyo sowie Frau Chizuko Nitz im B\u00fcro des OAG-Zentrums in Kobe.<\/p>\n<p><a href=\"http:\/\/www.oag.jp\" target=\"_blank\" rel=\"noopener\">http:\/\/www.oag.jp<\/a><\/p>\n","protected":false},"excerpt":{"rendered":"<p>Die Deutsch\u2013Japanische Gesellschaft Baden\u2013W\u00fcrttemberg will vorhandene, japanbezogene Ressourcen integrativ zur Geltung bringen. Das bedeutet, dass wir Veranstaltungen f\u00f6rdern, die einzelne Organisationen von sich aus nicht bieten k\u00f6nnen; dabei wird auch [&hellip;]<\/p>\n","protected":false},"author":1,"featured_media":0,"parent":226,"menu_order":4,"comment_status":"closed","ping_status":"closed","template":"page-template-fullwidth.php","meta":{"_et_pb_use_builder":"","_et_pb_old_content":"","_et_gb_content_width":"","footnotes":""},"class_list":["post-279","page","type-page","status-publish","hentry"],"yoast_head":"<!-- This site is optimized with the Yoast SEO plugin v27.4 - https:\/\/yoast.com\/product\/yoast-seo-wordpress\/ -->\n<title>Kooperationen - DJG BW | Deutsch-Japanische Gesellschaft Baden-W\u00fcrttemberg e.V.<\/title>\n<meta name=\"robots\" content=\"index, follow, max-snippet:-1, max-image-preview:large, max-video-preview:-1\" \/>\n<link rel=\"canonical\" href=\"https:\/\/japan-in-baden-wuerttemberg.de\/djg2018\/der-verein\/kooperationen\/\" \/>\n<meta property=\"og:locale\" content=\"de_DE\" \/>\n<meta property=\"og:type\" content=\"article\" \/>\n<meta property=\"og:title\" content=\"Kooperationen - DJG BW | Deutsch-Japanische Gesellschaft Baden-W\u00fcrttemberg e.V.\" \/>\n<meta property=\"og:description\" content=\"Die Deutsch\u2013Japanische Gesellschaft Baden\u2013W\u00fcrttemberg will vorhandene, japanbezogene Ressourcen integrativ zur Geltung bringen. Das bedeutet, dass wir Veranstaltungen f\u00f6rdern, die einzelne Organisationen von sich aus nicht bieten k\u00f6nnen; dabei wird auch [&hellip;]\" \/>\n<meta property=\"og:url\" content=\"https:\/\/japan-in-baden-wuerttemberg.de\/djg2018\/der-verein\/kooperationen\/\" \/>\n<meta property=\"og:site_name\" content=\"DJG BW | Deutsch-Japanische Gesellschaft Baden-W\u00fcrttemberg e.V.\" \/>\n<meta property=\"article:modified_time\" content=\"2018-12-18T21:04:26+00:00\" \/>\n<meta name=\"twitter:card\" content=\"summary_large_image\" \/>\n<meta name=\"twitter:label1\" content=\"Gesch\u00e4tzte Lesezeit\" \/>\n\t<meta name=\"twitter:data1\" content=\"2\u00a0Minuten\" \/>\n<script type=\"application\/ld+json\" class=\"yoast-schema-graph\">{\"@context\":\"https:\\\/\\\/schema.org\",\"@graph\":[{\"@type\":\"WebPage\",\"@id\":\"https:\\\/\\\/japan-in-baden-wuerttemberg.de\\\/djg2018\\\/der-verein\\\/kooperationen\\\/\",\"url\":\"https:\\\/\\\/japan-in-baden-wuerttemberg.de\\\/djg2018\\\/der-verein\\\/kooperationen\\\/\",\"name\":\"Kooperationen - DJG BW | Deutsch-Japanische Gesellschaft Baden-W\u00fcrttemberg e.V.\",\"isPartOf\":{\"@id\":\"https:\\\/\\\/japan-in-baden-wuerttemberg.de\\\/djg2018\\\/#website\"},\"datePublished\":\"2018-12-15T19:10:42+00:00\",\"dateModified\":\"2018-12-18T21:04:26+00:00\",\"breadcrumb\":{\"@id\":\"https:\\\/\\\/japan-in-baden-wuerttemberg.de\\\/djg2018\\\/der-verein\\\/kooperationen\\\/#breadcrumb\"},\"inLanguage\":\"de\",\"potentialAction\":[{\"@type\":\"ReadAction\",\"target\":[\"https:\\\/\\\/japan-in-baden-wuerttemberg.de\\\/djg2018\\\/der-verein\\\/kooperationen\\\/\"]}]},{\"@type\":\"BreadcrumbList\",\"@id\":\"https:\\\/\\\/japan-in-baden-wuerttemberg.de\\\/djg2018\\\/der-verein\\\/kooperationen\\\/#breadcrumb\",\"itemListElement\":[{\"@type\":\"ListItem\",\"position\":1,\"name\":\"Startseite\",\"item\":\"https:\\\/\\\/japan-in-baden-wuerttemberg.de\\\/djg2018\\\/\"},{\"@type\":\"ListItem\",\"position\":2,\"name\":\"Der Verein\",\"item\":\"https:\\\/\\\/japan-in-baden-wuerttemberg.de\\\/djg2018\\\/der-verein\\\/\"},{\"@type\":\"ListItem\",\"position\":3,\"name\":\"Kooperationen\"}]},{\"@type\":\"WebSite\",\"@id\":\"https:\\\/\\\/japan-in-baden-wuerttemberg.de\\\/djg2018\\\/#website\",\"url\":\"https:\\\/\\\/japan-in-baden-wuerttemberg.de\\\/djg2018\\\/\",\"name\":\"DJG BW | Deutsch-Japanische Gesellschaft Baden-W\u00fcrttemberg e.V.\",\"description\":\"\",\"publisher\":{\"@id\":\"https:\\\/\\\/japan-in-baden-wuerttemberg.de\\\/djg2018\\\/#organization\"},\"potentialAction\":[{\"@type\":\"SearchAction\",\"target\":{\"@type\":\"EntryPoint\",\"urlTemplate\":\"https:\\\/\\\/japan-in-baden-wuerttemberg.de\\\/djg2018\\\/?s={search_term_string}\"},\"query-input\":{\"@type\":\"PropertyValueSpecification\",\"valueRequired\":true,\"valueName\":\"search_term_string\"}}],\"inLanguage\":\"de\"},{\"@type\":\"Organization\",\"@id\":\"https:\\\/\\\/japan-in-baden-wuerttemberg.de\\\/djg2018\\\/#organization\",\"name\":\"Deutsch-Japanische Gesellschaft Baden-W\u00fcrttemberg e.V.\",\"url\":\"https:\\\/\\\/japan-in-baden-wuerttemberg.de\\\/djg2018\\\/\",\"logo\":{\"@type\":\"ImageObject\",\"inLanguage\":\"de\",\"@id\":\"https:\\\/\\\/japan-in-baden-wuerttemberg.de\\\/djg2018\\\/#\\\/schema\\\/logo\\\/image\\\/\",\"url\":\"https:\\\/\\\/japan-in-baden-wuerttemberg.de\\\/djg2018\\\/wp-content\\\/uploads\\\/2018\\\/12\\\/djg_bw_logo2.jpg\",\"contentUrl\":\"https:\\\/\\\/japan-in-baden-wuerttemberg.de\\\/djg2018\\\/wp-content\\\/uploads\\\/2018\\\/12\\\/djg_bw_logo2.jpg\",\"width\":708,\"height\":200,\"caption\":\"Deutsch-Japanische Gesellschaft Baden-W\u00fcrttemberg e.V.\"},\"image\":{\"@id\":\"https:\\\/\\\/japan-in-baden-wuerttemberg.de\\\/djg2018\\\/#\\\/schema\\\/logo\\\/image\\\/\"}}]}<\/script>\n<!-- \/ Yoast SEO plugin. -->","yoast_head_json":{"title":"Kooperationen - DJG BW | Deutsch-Japanische Gesellschaft Baden-W\u00fcrttemberg e.V.","robots":{"index":"index","follow":"follow","max-snippet":"max-snippet:-1","max-image-preview":"max-image-preview:large","max-video-preview":"max-video-preview:-1"},"canonical":"https:\/\/japan-in-baden-wuerttemberg.de\/djg2018\/der-verein\/kooperationen\/","og_locale":"de_DE","og_type":"article","og_title":"Kooperationen - DJG BW | Deutsch-Japanische Gesellschaft Baden-W\u00fcrttemberg e.V.","og_description":"Die Deutsch\u2013Japanische Gesellschaft Baden\u2013W\u00fcrttemberg will vorhandene, japanbezogene Ressourcen integrativ zur Geltung bringen. Das bedeutet, dass wir Veranstaltungen f\u00f6rdern, die einzelne Organisationen von sich aus nicht bieten k\u00f6nnen; dabei wird auch [&hellip;]","og_url":"https:\/\/japan-in-baden-wuerttemberg.de\/djg2018\/der-verein\/kooperationen\/","og_site_name":"DJG BW | Deutsch-Japanische Gesellschaft Baden-W\u00fcrttemberg e.V.","article_modified_time":"2018-12-18T21:04:26+00:00","twitter_card":"summary_large_image","twitter_misc":{"Gesch\u00e4tzte Lesezeit":"2\u00a0Minuten"},"schema":{"@context":"https:\/\/schema.org","@graph":[{"@type":"WebPage","@id":"https:\/\/japan-in-baden-wuerttemberg.de\/djg2018\/der-verein\/kooperationen\/","url":"https:\/\/japan-in-baden-wuerttemberg.de\/djg2018\/der-verein\/kooperationen\/","name":"Kooperationen - DJG BW | Deutsch-Japanische Gesellschaft Baden-W\u00fcrttemberg e.V.","isPartOf":{"@id":"https:\/\/japan-in-baden-wuerttemberg.de\/djg2018\/#website"},"datePublished":"2018-12-15T19:10:42+00:00","dateModified":"2018-12-18T21:04:26+00:00","breadcrumb":{"@id":"https:\/\/japan-in-baden-wuerttemberg.de\/djg2018\/der-verein\/kooperationen\/#breadcrumb"},"inLanguage":"de","potentialAction":[{"@type":"ReadAction","target":["https:\/\/japan-in-baden-wuerttemberg.de\/djg2018\/der-verein\/kooperationen\/"]}]},{"@type":"BreadcrumbList","@id":"https:\/\/japan-in-baden-wuerttemberg.de\/djg2018\/der-verein\/kooperationen\/#breadcrumb","itemListElement":[{"@type":"ListItem","position":1,"name":"Startseite","item":"https:\/\/japan-in-baden-wuerttemberg.de\/djg2018\/"},{"@type":"ListItem","position":2,"name":"Der Verein","item":"https:\/\/japan-in-baden-wuerttemberg.de\/djg2018\/der-verein\/"},{"@type":"ListItem","position":3,"name":"Kooperationen"}]},{"@type":"WebSite","@id":"https:\/\/japan-in-baden-wuerttemberg.de\/djg2018\/#website","url":"https:\/\/japan-in-baden-wuerttemberg.de\/djg2018\/","name":"DJG BW | Deutsch-Japanische Gesellschaft Baden-W\u00fcrttemberg e.V.","description":"","publisher":{"@id":"https:\/\/japan-in-baden-wuerttemberg.de\/djg2018\/#organization"},"potentialAction":[{"@type":"SearchAction","target":{"@type":"EntryPoint","urlTemplate":"https:\/\/japan-in-baden-wuerttemberg.de\/djg2018\/?s={search_term_string}"},"query-input":{"@type":"PropertyValueSpecification","valueRequired":true,"valueName":"search_term_string"}}],"inLanguage":"de"},{"@type":"Organization","@id":"https:\/\/japan-in-baden-wuerttemberg.de\/djg2018\/#organization","name":"Deutsch-Japanische Gesellschaft Baden-W\u00fcrttemberg e.V.","url":"https:\/\/japan-in-baden-wuerttemberg.de\/djg2018\/","logo":{"@type":"ImageObject","inLanguage":"de","@id":"https:\/\/japan-in-baden-wuerttemberg.de\/djg2018\/#\/schema\/logo\/image\/","url":"https:\/\/japan-in-baden-wuerttemberg.de\/djg2018\/wp-content\/uploads\/2018\/12\/djg_bw_logo2.jpg","contentUrl":"https:\/\/japan-in-baden-wuerttemberg.de\/djg2018\/wp-content\/uploads\/2018\/12\/djg_bw_logo2.jpg","width":708,"height":200,"caption":"Deutsch-Japanische Gesellschaft Baden-W\u00fcrttemberg e.V."},"image":{"@id":"https:\/\/japan-in-baden-wuerttemberg.de\/djg2018\/#\/schema\/logo\/image\/"}}]}},"_links":{"self":[{"href":"https:\/\/japan-in-baden-wuerttemberg.de\/djg2018\/wp-json\/wp\/v2\/pages\/279","targetHints":{"allow":["GET"]}}],"collection":[{"href":"https:\/\/japan-in-baden-wuerttemberg.de\/djg2018\/wp-json\/wp\/v2\/pages"}],"about":[{"href":"https:\/\/japan-in-baden-wuerttemberg.de\/djg2018\/wp-json\/wp\/v2\/types\/page"}],"author":[{"embeddable":true,"href":"https:\/\/japan-in-baden-wuerttemberg.de\/djg2018\/wp-json\/wp\/v2\/users\/1"}],"replies":[{"embeddable":true,"href":"https:\/\/japan-in-baden-wuerttemberg.de\/djg2018\/wp-json\/wp\/v2\/comments?post=279"}],"version-history":[{"count":0,"href":"https:\/\/japan-in-baden-wuerttemberg.de\/djg2018\/wp-json\/wp\/v2\/pages\/279\/revisions"}],"up":[{"embeddable":true,"href":"https:\/\/japan-in-baden-wuerttemberg.de\/djg2018\/wp-json\/wp\/v2\/pages\/226"}],"wp:attachment":[{"href":"https:\/\/japan-in-baden-wuerttemberg.de\/djg2018\/wp-json\/wp\/v2\/media?parent=279"}],"curies":[{"name":"wp","href":"https:\/\/api.w.org\/{rel}","templated":true}]}}