{"id":269,"date":"2018-12-15T20:05:12","date_gmt":"2018-12-15T19:05:12","guid":{"rendered":"http:\/\/japan-in-baden-wuerttemberg.de\/djg2018\/?page_id=269"},"modified":"2018-12-16T23:55:22","modified_gmt":"2018-12-16T22:55:22","slug":"geschichte","status":"publish","type":"page","link":"https:\/\/japan-in-baden-wuerttemberg.de\/djg2018\/der-verein\/geschichte\/","title":{"rendered":"Geschichte"},"content":{"rendered":"<h3 align=\"justify\"><span class=\"heading\"><strong>Wer wir sind. Die Geschichte der DJG BW.\u00a0<\/strong><\/span><span class=\"text\"><a title=\"Permanent Link to Wer wir sind. Die Geschichte der DJG BW.\" href=\"http:\/\/www.japan-in-baden-wuerttemberg.de\/djg\/?page_id=14#\" rel=\"bookmark\"><strong><br \/>\n<\/strong><\/a><\/span><\/h3>\n<div class=\"entry\">\n<p>Die Deutsch-Japanische Gesellschaft Baden-W\u00fcrttemberg ( DJG BW ) wurde am 26.1.1962 von dem ehemaligen Botschaftssekret\u00e4r der Deutschen Botschaft in Tokyo und sp\u00e4teren Leiter des Kulturreferats Nord-W\u00fcrttemberg, Herrn Stanislaus Klimek, gegr\u00fcndet. 1965 konstituierte sich ein japanischer Beirat und am 17.11.1966 erfolgte die offizielle Eintragung als eingetragener Verein beim Finanzamt Stuttgart &#8211; K\u00f6rperschaften unter dem Ziel der V\u00f6lkerverst\u00e4ndigung. Zu diesem Zeitpunkt bestand die DJG BW aus 25 Mitgliedern.<\/p>\n<p class=\"Normal\" align=\"justify\">1975 wurde der bisherige Gesch\u00e4ftsf\u00fchrer, Herr Christian Doehler, Leiter des Referats f\u00fcr Auslandskunde und \u00d6ffentlichkeitsarbeit beim Institut f\u00fcr Auslandskunde und Leiter der Informationsseminare f\u00fcr F\u00fchrungskr\u00e4fte in Zusammenarbeit mit dem Presse-und Informationsamt der Bundesregierung von 75 Mitgliedern zum neuen Pr\u00e4sidenten gew\u00e4hlt.<\/p>\n<p class=\"Normal\" align=\"justify\">Im Zeitraum von 1975 bis 1988 entwickelte sich die Gesellschaft mit einem erweiterten Vorstand und japanischen Beisitzern \u00fcber intensive Verbindungen zu Firmen, Instituten, Ministerien und zur Presse zu einer der gro\u00dfen Gesellschaften in Deutschland. Zur motivierenden Integration trugen die Einrichtungen eines Joren-Kai-Stammtisches, eines Mitgliederverzeichnisses zur Kommunikation und der Herausgabe des take-no-ha- Informationsorgans bei. Feste Veranstaltungen, wie Nikolausfeinern, Mochitsuki, Neujahrsfeiern oder Filmvorf\u00fchrungen, Wirtschaftsgespr\u00e4che, Ausstellungen, Konzerte, F\u00fchrungen und Studienreisen nach Japan sowie wirtschaftliche Kontaktvermittlungen und pers\u00f6nliche Beratungen f\u00fchrten zur stetigen Weiterentwicklung.<\/p>\n<p class=\"Normal\" align=\"justify\">Der Aufschwung erforderte 1988 eine Neufassung der Satzung mit der Einsetzung von zwei Stellvertretern des Pr\u00e4sidenten, eines Veranstaltungsausschusses und eines deutsch-japanischen Beirats. Mit Initiativen der DJG BW konnten eine Samstagsschule f\u00fcr japanische Kinder in Stuttgart, die Japanische Internatsschule Toin-Gakuen in Saulgau, ein japanisches Restaurant in Stuttgart und 1992 das Japanische Honorarkonsulat in Stuttgart ins Leben gerufen werden .Zusammen mit der 1990 gegr\u00fcndeten Nihon-Jin-Kai Stuttgart wurde so eine japanische Infrastruktur f\u00fcr Stuttgart geschaffen, welche die Gesellschaft bis zum Jahre 2000 auf 460 Mitglieder ansteigen lie\u00df und deren Reputation zum 30-j\u00e4hrigen Jubil\u00e4um der DJG BW mit einem Festvortrag des Ministerpr\u00e4sidenten a.D. Dr. Lothar Sp\u00e4th gekr\u00f6nt wurde. In dieser Zeit beteiligte sich die DJG BW auch an der Gestaltung des Japanischen Gartens w\u00e4hrend der IGA, verst\u00e4rkte die Kontakte zu vielen Schwestergesellschaften in Japan, f\u00fchrte thematische Studienreisen nach Japan durch und fungierte als Tagungsort der so genannten S\u00fcdschiene der im S\u00fcden ans\u00e4ssigen DJGen im Dachverband.<\/p>\n<p class=\"normal\">2001 \u00fcbernahm Herr Volker Gempt, Marketingleiter und Leiter des Kundenbindungsprogramms bei Porsche, die Pr\u00e4sidentschaft. Er initiierte eine Diskussionsrunde in der Mitgliedschaft um die Modernisierung der Gesellschaft, was zur Anpassung der Satzung, Umstrukturierungen im Vorstand, die Neuorganisation auf e-mail-Basis und zur Bereinigung des Mitgliedsverzeichnisses f\u00fchrte. Es entstanden\u00a0\u00a0neue Interessen-Gruppierungen. Der Aufbau differenzierter Diskussionsforen zum aktuellen Zeitgeschehen in Japan in Zusammenarbeit mit der Universit\u00e4t Stuttgart und dem Japanischen Juristenverein sowie Wiederbelebungen japanischer Filmvorf\u00fchrungen, eine verst\u00e4rkte Zusammenarbeit mit dem Japanischen Honorarkonsulat oder die Pflege japanischer Freundschaften beim Joren Kai f\u00fchrten zur Konsolidierung der Gesellschaft.<\/p>\n<p class=\"Normal\" align=\"justify\">Seit der \u00dcbernahme der DJG BW durch den Japanologen und ehemaligen Filialleiter der Deutschen Bank in Tokyo und Osaka, Herrn Dr. Hans-Dieter Laumeyer, bahnte sich im Jahre 2007 ein erneuter Wandel an. Hier erwies sich eine neue Satzung, die Einrichtung einer Initiativ-Gruppe Veranstaltungen (IGV) und eine Aufwertung der Gesellschaft durch Kooperationen mit dem Japanologischen Seminar in T\u00fcbingen und dem Lindenmuseum in Stuttgart als hilfreich. Als Lehrbeauftragter am Seminar f\u00fcr Japanologie der Universit\u00e4t T\u00fcbingen initiiert der Pr\u00e4sident gemeinsame Veranstaltungen mit jungen Wissenschaftlern und bietet die DJG BW als popul\u00e4rwissenschaftliches Forum an, das sich mit kulturellen und gesellschaftlichen Themen bereits bew\u00e4hrt hat.<\/p>\n<p class=\"Normal\" align=\"justify\">Durch die Verbindung zu unserer neuen Partnergesellschaft in Nagano, der Zusammenarbeit mit dem Japanclub Baden-W\u00fcrttemberg und dem Auftritt der Gesellschaft im Internet wurde ein modernes deutsch-japanisches Fundament gelegt, das die Ziele und das Bild der DJG BW f\u00fcr die Mitglieder und die interessierte \u00d6ffentlichkeit in Baden- W\u00fcrttemberg tr\u00e4gt.<\/p>\n<\/div>\n","protected":false},"excerpt":{"rendered":"<p>Wer wir sind. Die Geschichte der DJG BW.\u00a0 Die Deutsch-Japanische Gesellschaft Baden-W\u00fcrttemberg ( DJG BW ) wurde am 26.1.1962 von dem ehemaligen Botschaftssekret\u00e4r der Deutschen Botschaft in Tokyo und sp\u00e4teren [&hellip;]<\/p>\n","protected":false},"author":1,"featured_media":0,"parent":226,"menu_order":2,"comment_status":"closed","ping_status":"closed","template":"page-template-fullwidth.php","meta":{"_et_pb_use_builder":"","_et_pb_old_content":"","_et_gb_content_width":"","footnotes":""},"class_list":["post-269","page","type-page","status-publish","hentry"],"yoast_head":"<!-- This site is optimized with the Yoast SEO plugin v27.3 - https:\/\/yoast.com\/product\/yoast-seo-wordpress\/ -->\n<title>Geschichte - DJG BW | Deutsch-Japanische Gesellschaft Baden-W\u00fcrttemberg e.V.<\/title>\n<meta name=\"robots\" content=\"index, follow, max-snippet:-1, max-image-preview:large, max-video-preview:-1\" \/>\n<link rel=\"canonical\" href=\"https:\/\/japan-in-baden-wuerttemberg.de\/djg2018\/der-verein\/geschichte\/\" \/>\n<meta property=\"og:locale\" content=\"de_DE\" \/>\n<meta property=\"og:type\" content=\"article\" \/>\n<meta property=\"og:title\" content=\"Geschichte - DJG BW | Deutsch-Japanische Gesellschaft Baden-W\u00fcrttemberg e.V.\" \/>\n<meta property=\"og:description\" content=\"Wer wir sind. Die Geschichte der DJG BW.\u00a0 Die Deutsch-Japanische Gesellschaft Baden-W\u00fcrttemberg ( DJG BW ) wurde am 26.1.1962 von dem ehemaligen Botschaftssekret\u00e4r der Deutschen Botschaft in Tokyo und sp\u00e4teren [&hellip;]\" \/>\n<meta property=\"og:url\" content=\"https:\/\/japan-in-baden-wuerttemberg.de\/djg2018\/der-verein\/geschichte\/\" \/>\n<meta property=\"og:site_name\" content=\"DJG BW | Deutsch-Japanische Gesellschaft Baden-W\u00fcrttemberg e.V.\" \/>\n<meta property=\"article:modified_time\" content=\"2018-12-16T22:55:22+00:00\" \/>\n<meta name=\"twitter:card\" content=\"summary_large_image\" \/>\n<meta name=\"twitter:label1\" content=\"Gesch\u00e4tzte Lesezeit\" \/>\n\t<meta name=\"twitter:data1\" content=\"3\u00a0Minuten\" \/>\n<script type=\"application\/ld+json\" class=\"yoast-schema-graph\">{\"@context\":\"https:\\\/\\\/schema.org\",\"@graph\":[{\"@type\":\"WebPage\",\"@id\":\"https:\\\/\\\/japan-in-baden-wuerttemberg.de\\\/djg2018\\\/der-verein\\\/geschichte\\\/\",\"url\":\"https:\\\/\\\/japan-in-baden-wuerttemberg.de\\\/djg2018\\\/der-verein\\\/geschichte\\\/\",\"name\":\"Geschichte - DJG BW | Deutsch-Japanische Gesellschaft Baden-W\u00fcrttemberg e.V.\",\"isPartOf\":{\"@id\":\"https:\\\/\\\/japan-in-baden-wuerttemberg.de\\\/djg2018\\\/#website\"},\"datePublished\":\"2018-12-15T19:05:12+00:00\",\"dateModified\":\"2018-12-16T22:55:22+00:00\",\"breadcrumb\":{\"@id\":\"https:\\\/\\\/japan-in-baden-wuerttemberg.de\\\/djg2018\\\/der-verein\\\/geschichte\\\/#breadcrumb\"},\"inLanguage\":\"de\",\"potentialAction\":[{\"@type\":\"ReadAction\",\"target\":[\"https:\\\/\\\/japan-in-baden-wuerttemberg.de\\\/djg2018\\\/der-verein\\\/geschichte\\\/\"]}]},{\"@type\":\"BreadcrumbList\",\"@id\":\"https:\\\/\\\/japan-in-baden-wuerttemberg.de\\\/djg2018\\\/der-verein\\\/geschichte\\\/#breadcrumb\",\"itemListElement\":[{\"@type\":\"ListItem\",\"position\":1,\"name\":\"Startseite\",\"item\":\"https:\\\/\\\/japan-in-baden-wuerttemberg.de\\\/djg2018\\\/\"},{\"@type\":\"ListItem\",\"position\":2,\"name\":\"Der Verein\",\"item\":\"https:\\\/\\\/japan-in-baden-wuerttemberg.de\\\/djg2018\\\/der-verein\\\/\"},{\"@type\":\"ListItem\",\"position\":3,\"name\":\"Geschichte\"}]},{\"@type\":\"WebSite\",\"@id\":\"https:\\\/\\\/japan-in-baden-wuerttemberg.de\\\/djg2018\\\/#website\",\"url\":\"https:\\\/\\\/japan-in-baden-wuerttemberg.de\\\/djg2018\\\/\",\"name\":\"DJG BW | Deutsch-Japanische Gesellschaft Baden-W\u00fcrttemberg e.V.\",\"description\":\"\",\"publisher\":{\"@id\":\"https:\\\/\\\/japan-in-baden-wuerttemberg.de\\\/djg2018\\\/#organization\"},\"potentialAction\":[{\"@type\":\"SearchAction\",\"target\":{\"@type\":\"EntryPoint\",\"urlTemplate\":\"https:\\\/\\\/japan-in-baden-wuerttemberg.de\\\/djg2018\\\/?s={search_term_string}\"},\"query-input\":{\"@type\":\"PropertyValueSpecification\",\"valueRequired\":true,\"valueName\":\"search_term_string\"}}],\"inLanguage\":\"de\"},{\"@type\":\"Organization\",\"@id\":\"https:\\\/\\\/japan-in-baden-wuerttemberg.de\\\/djg2018\\\/#organization\",\"name\":\"Deutsch-Japanische Gesellschaft Baden-W\u00fcrttemberg e.V.\",\"url\":\"https:\\\/\\\/japan-in-baden-wuerttemberg.de\\\/djg2018\\\/\",\"logo\":{\"@type\":\"ImageObject\",\"inLanguage\":\"de\",\"@id\":\"https:\\\/\\\/japan-in-baden-wuerttemberg.de\\\/djg2018\\\/#\\\/schema\\\/logo\\\/image\\\/\",\"url\":\"https:\\\/\\\/japan-in-baden-wuerttemberg.de\\\/djg2018\\\/wp-content\\\/uploads\\\/2018\\\/12\\\/djg_bw_logo2.jpg\",\"contentUrl\":\"https:\\\/\\\/japan-in-baden-wuerttemberg.de\\\/djg2018\\\/wp-content\\\/uploads\\\/2018\\\/12\\\/djg_bw_logo2.jpg\",\"width\":708,\"height\":200,\"caption\":\"Deutsch-Japanische Gesellschaft Baden-W\u00fcrttemberg e.V.\"},\"image\":{\"@id\":\"https:\\\/\\\/japan-in-baden-wuerttemberg.de\\\/djg2018\\\/#\\\/schema\\\/logo\\\/image\\\/\"}}]}<\/script>\n<!-- \/ Yoast SEO plugin. -->","yoast_head_json":{"title":"Geschichte - DJG BW | Deutsch-Japanische Gesellschaft Baden-W\u00fcrttemberg e.V.","robots":{"index":"index","follow":"follow","max-snippet":"max-snippet:-1","max-image-preview":"max-image-preview:large","max-video-preview":"max-video-preview:-1"},"canonical":"https:\/\/japan-in-baden-wuerttemberg.de\/djg2018\/der-verein\/geschichte\/","og_locale":"de_DE","og_type":"article","og_title":"Geschichte - DJG BW | Deutsch-Japanische Gesellschaft Baden-W\u00fcrttemberg e.V.","og_description":"Wer wir sind. Die Geschichte der DJG BW.\u00a0 Die Deutsch-Japanische Gesellschaft Baden-W\u00fcrttemberg ( DJG BW ) wurde am 26.1.1962 von dem ehemaligen Botschaftssekret\u00e4r der Deutschen Botschaft in Tokyo und sp\u00e4teren [&hellip;]","og_url":"https:\/\/japan-in-baden-wuerttemberg.de\/djg2018\/der-verein\/geschichte\/","og_site_name":"DJG BW | Deutsch-Japanische Gesellschaft Baden-W\u00fcrttemberg e.V.","article_modified_time":"2018-12-16T22:55:22+00:00","twitter_card":"summary_large_image","twitter_misc":{"Gesch\u00e4tzte Lesezeit":"3\u00a0Minuten"},"schema":{"@context":"https:\/\/schema.org","@graph":[{"@type":"WebPage","@id":"https:\/\/japan-in-baden-wuerttemberg.de\/djg2018\/der-verein\/geschichte\/","url":"https:\/\/japan-in-baden-wuerttemberg.de\/djg2018\/der-verein\/geschichte\/","name":"Geschichte - DJG BW | Deutsch-Japanische Gesellschaft Baden-W\u00fcrttemberg e.V.","isPartOf":{"@id":"https:\/\/japan-in-baden-wuerttemberg.de\/djg2018\/#website"},"datePublished":"2018-12-15T19:05:12+00:00","dateModified":"2018-12-16T22:55:22+00:00","breadcrumb":{"@id":"https:\/\/japan-in-baden-wuerttemberg.de\/djg2018\/der-verein\/geschichte\/#breadcrumb"},"inLanguage":"de","potentialAction":[{"@type":"ReadAction","target":["https:\/\/japan-in-baden-wuerttemberg.de\/djg2018\/der-verein\/geschichte\/"]}]},{"@type":"BreadcrumbList","@id":"https:\/\/japan-in-baden-wuerttemberg.de\/djg2018\/der-verein\/geschichte\/#breadcrumb","itemListElement":[{"@type":"ListItem","position":1,"name":"Startseite","item":"https:\/\/japan-in-baden-wuerttemberg.de\/djg2018\/"},{"@type":"ListItem","position":2,"name":"Der Verein","item":"https:\/\/japan-in-baden-wuerttemberg.de\/djg2018\/der-verein\/"},{"@type":"ListItem","position":3,"name":"Geschichte"}]},{"@type":"WebSite","@id":"https:\/\/japan-in-baden-wuerttemberg.de\/djg2018\/#website","url":"https:\/\/japan-in-baden-wuerttemberg.de\/djg2018\/","name":"DJG BW | Deutsch-Japanische Gesellschaft Baden-W\u00fcrttemberg e.V.","description":"","publisher":{"@id":"https:\/\/japan-in-baden-wuerttemberg.de\/djg2018\/#organization"},"potentialAction":[{"@type":"SearchAction","target":{"@type":"EntryPoint","urlTemplate":"https:\/\/japan-in-baden-wuerttemberg.de\/djg2018\/?s={search_term_string}"},"query-input":{"@type":"PropertyValueSpecification","valueRequired":true,"valueName":"search_term_string"}}],"inLanguage":"de"},{"@type":"Organization","@id":"https:\/\/japan-in-baden-wuerttemberg.de\/djg2018\/#organization","name":"Deutsch-Japanische Gesellschaft Baden-W\u00fcrttemberg e.V.","url":"https:\/\/japan-in-baden-wuerttemberg.de\/djg2018\/","logo":{"@type":"ImageObject","inLanguage":"de","@id":"https:\/\/japan-in-baden-wuerttemberg.de\/djg2018\/#\/schema\/logo\/image\/","url":"https:\/\/japan-in-baden-wuerttemberg.de\/djg2018\/wp-content\/uploads\/2018\/12\/djg_bw_logo2.jpg","contentUrl":"https:\/\/japan-in-baden-wuerttemberg.de\/djg2018\/wp-content\/uploads\/2018\/12\/djg_bw_logo2.jpg","width":708,"height":200,"caption":"Deutsch-Japanische Gesellschaft Baden-W\u00fcrttemberg e.V."},"image":{"@id":"https:\/\/japan-in-baden-wuerttemberg.de\/djg2018\/#\/schema\/logo\/image\/"}}]}},"_links":{"self":[{"href":"https:\/\/japan-in-baden-wuerttemberg.de\/djg2018\/wp-json\/wp\/v2\/pages\/269","targetHints":{"allow":["GET"]}}],"collection":[{"href":"https:\/\/japan-in-baden-wuerttemberg.de\/djg2018\/wp-json\/wp\/v2\/pages"}],"about":[{"href":"https:\/\/japan-in-baden-wuerttemberg.de\/djg2018\/wp-json\/wp\/v2\/types\/page"}],"author":[{"embeddable":true,"href":"https:\/\/japan-in-baden-wuerttemberg.de\/djg2018\/wp-json\/wp\/v2\/users\/1"}],"replies":[{"embeddable":true,"href":"https:\/\/japan-in-baden-wuerttemberg.de\/djg2018\/wp-json\/wp\/v2\/comments?post=269"}],"version-history":[{"count":0,"href":"https:\/\/japan-in-baden-wuerttemberg.de\/djg2018\/wp-json\/wp\/v2\/pages\/269\/revisions"}],"up":[{"embeddable":true,"href":"https:\/\/japan-in-baden-wuerttemberg.de\/djg2018\/wp-json\/wp\/v2\/pages\/226"}],"wp:attachment":[{"href":"https:\/\/japan-in-baden-wuerttemberg.de\/djg2018\/wp-json\/wp\/v2\/media?parent=269"}],"curies":[{"name":"wp","href":"https:\/\/api.w.org\/{rel}","templated":true}]}}