{"id":245,"date":"2018-12-15T19:30:28","date_gmt":"2018-12-15T18:30:28","guid":{"rendered":"http:\/\/japan-in-baden-wuerttemberg.de\/djg2018\/?page_id=245"},"modified":"2025-07-28T13:29:56","modified_gmt":"2025-07-28T11:29:56","slug":"impressum","status":"publish","type":"page","link":"https:\/\/japan-in-baden-wuerttemberg.de\/djg2018\/impressum\/","title":{"rendered":"Impressum"},"content":{"rendered":"<p><strong>Verantwortlich (gem. \u00a7 5 TMG):<\/strong><br \/>\nDeutsch-Japanische Gesellschaft Baden-W\u00fcrttemberg e. V.<br \/>\n<strong><br \/>\nGesch\u00e4ftsf\u00fchrung<\/strong><br \/>\nAm Schillergarten 9<br \/>\n74366 Kirchheim am Neckar<br \/>\nE-Mail: <a href=\"mailto:vorstand@djg-bw.de\">vorstand@djg-bw.de<\/a><\/p>\n<p><strong>Vertretungsberechtigter Vorstand<\/strong><\/p>\n<ul>\n<li><strong>Dr. Susanne Germann<\/strong><br \/>\nVorstandsvorsitzende \/ Pr\u00e4sidentin<\/li>\n<li><strong>J\u00fcrgen Germann<\/strong><br \/>\nMitglied des Vorstandes<\/li>\n<li><strong>Wolfgang M\u00fcller<\/strong><br \/>\nFinanzvorstand<\/li>\n<\/ul>\n<p>Registergericht: Amtsgericht Stuttgart<br \/>\nRegisternummer: VR 1988<\/p>\n<p><strong>Webdesign &amp; Webentwicklung<\/strong><\/p>\n<p>David Caspar &#8211; Webmaster &amp; Designer<br \/>\nWeb: <a href=\"https:\/\/david-caspar.de\" target=\"_blank\" rel=\"noopener noreferrer\">www.david-caspar.de<\/a><\/p>\n<p><strong>NUTZUNGSBEDINGUNGEN<br \/>\n<\/strong><br \/>\n<strong>1. Inhalt des Onlineangebotes<\/strong><br \/>\nDieses Internetportal wurde mit gr\u00f6\u00dftm\u00f6glicher Sorgfalt zusammengestellt. Jegliche Haftung f\u00fcr Sch\u00e4den, die direkt oder indirekt aus der Benutzung dieses Internetportals entstehen, wird ausgeschlossen, soweit diese nicht auf Vorsatz oder grober Fahrl\u00e4ssigkeit beruhen. Die Informationen zu den hier vorgestellten Leistungstr\u00e4gern beruhen auf Angaben der entsprechenden Partner. Alle Texte wurden sorgf\u00e4ltig gepr\u00fcft, f\u00fcr etwaige Fehler kann jedoch keine Verantwortung \u00fcbernommen werden.<\/p>\n<p><strong>2. Verweise und Links<\/strong><br \/>\nSofern von diesem Internetportal auf Internetseiten verwiesen wird, die von Dritten betrieben werden, \u00fcbernimmt die Deutsch-Japanische Gesellschaft Baden-W\u00fcrttemberg e. V. keine Verantwortung f\u00fcr deren Inhalte.<\/p>\n<p><strong>3. Urheber- und Kennzeichenrecht<\/strong><br \/>\n\u00a9 Copyright Deutsch-Japanische Gesellschaft Baden-W\u00fcrttemberg e. V. Alle Rechte vorbehalten, insbesondere auch jede Verf\u00fcgungsbefugnis, wie Kopier- und Weitergaberecht bei uns. Text, Bilder, Grafiken, Sound, Animationen und Videos sowie deren Anordnung auf unserer Website unterliegen dem Schutz des Urheberrechts und anderer Schutzgesetze. Der Inhalt dieses Internetportals darf nicht zu kommerziellen Zwecken kopiert, verbreitet, ver\u00e4ndert oder Dritten zug\u00e4nglich gemacht werden. Wir weisen daraufhin, dass die in dem Internetportal enthaltenen Fotographien teilweise dem Urheberrecht Dritter unterliegen. Alle anderen in diesem Internetportal zitierten Markenzeichen sind das Alleineigentum der jeweiligen Besitzer.<\/p>\n<p><strong>4. Rechtswirksamkeit dieses Haftungsausschlusses<\/strong><br \/>\nDiese Nutzungsbedingungen sind Teil unseres Internetangebotes, von dem aus auf diese Seite verwiesen wurde. Sofern Teile oder einzelne Formulierungen dieses Textes der geltenden Rechtslage nicht entsprechen sollten, bleiben die \u00fcbrigen Teile des Dokumentes in ihrem Inhalt und ihrer G\u00fcltigkeit davon unber\u00fchrt.<\/p>\n","protected":false},"excerpt":{"rendered":"<p>Verantwortlich (gem. \u00a7 5 TMG): Deutsch-Japanische Gesellschaft Baden-W\u00fcrttemberg e. V. Gesch\u00e4ftsf\u00fchrung Am Schillergarten 9 74366 Kirchheim am Neckar E-Mail: vorstand@djg-bw.de Vertretungsberechtigter Vorstand Dr. Susanne Germann Vorstandsvorsitzende \/ Pr\u00e4sidentin J\u00fcrgen Germann [&hellip;]<\/p>\n","protected":false},"author":1,"featured_media":0,"parent":0,"menu_order":8,"comment_status":"closed","ping_status":"closed","template":"page-template-fullwidth.php","meta":{"_et_pb_use_builder":"","_et_pb_old_content":"","_et_gb_content_width":"","footnotes":""},"class_list":["post-245","page","type-page","status-publish","hentry"],"yoast_head":"<!-- This site is optimized with the Yoast SEO plugin v27.5 - https:\/\/yoast.com\/product\/yoast-seo-wordpress\/ -->\n<title>Impressum - DJG BW | Deutsch-Japanische Gesellschaft Baden-W\u00fcrttemberg e.V.<\/title>\n<meta name=\"robots\" content=\"index, follow, max-snippet:-1, max-image-preview:large, max-video-preview:-1\" \/>\n<link rel=\"canonical\" href=\"https:\/\/japan-in-baden-wuerttemberg.de\/djg2018\/impressum\/\" \/>\n<meta property=\"og:locale\" content=\"de_DE\" \/>\n<meta property=\"og:type\" content=\"article\" \/>\n<meta property=\"og:title\" content=\"Impressum - DJG BW | Deutsch-Japanische Gesellschaft Baden-W\u00fcrttemberg e.V.\" \/>\n<meta property=\"og:description\" content=\"Verantwortlich (gem. \u00a7 5 TMG): Deutsch-Japanische Gesellschaft Baden-W\u00fcrttemberg e. V. Gesch\u00e4ftsf\u00fchrung Am Schillergarten 9 74366 Kirchheim am Neckar E-Mail: vorstand@djg-bw.de Vertretungsberechtigter Vorstand Dr. Susanne Germann Vorstandsvorsitzende \/ Pr\u00e4sidentin J\u00fcrgen Germann [&hellip;]\" \/>\n<meta property=\"og:url\" content=\"https:\/\/japan-in-baden-wuerttemberg.de\/djg2018\/impressum\/\" \/>\n<meta property=\"og:site_name\" content=\"DJG BW | Deutsch-Japanische Gesellschaft Baden-W\u00fcrttemberg e.V.\" \/>\n<meta property=\"article:modified_time\" content=\"2025-07-28T11:29:56+00:00\" \/>\n<meta name=\"twitter:card\" content=\"summary_large_image\" \/>\n<meta name=\"twitter:label1\" content=\"Gesch\u00e4tzte Lesezeit\" \/>\n\t<meta name=\"twitter:data1\" content=\"2\u00a0Minuten\" \/>\n<script type=\"application\/ld+json\" class=\"yoast-schema-graph\">{\"@context\":\"https:\\\/\\\/schema.org\",\"@graph\":[{\"@type\":\"WebPage\",\"@id\":\"https:\\\/\\\/japan-in-baden-wuerttemberg.de\\\/djg2018\\\/impressum\\\/\",\"url\":\"https:\\\/\\\/japan-in-baden-wuerttemberg.de\\\/djg2018\\\/impressum\\\/\",\"name\":\"Impressum - DJG BW | Deutsch-Japanische Gesellschaft Baden-W\u00fcrttemberg e.V.\",\"isPartOf\":{\"@id\":\"https:\\\/\\\/japan-in-baden-wuerttemberg.de\\\/djg2018\\\/#website\"},\"datePublished\":\"2018-12-15T18:30:28+00:00\",\"dateModified\":\"2025-07-28T11:29:56+00:00\",\"breadcrumb\":{\"@id\":\"https:\\\/\\\/japan-in-baden-wuerttemberg.de\\\/djg2018\\\/impressum\\\/#breadcrumb\"},\"inLanguage\":\"de\",\"potentialAction\":[{\"@type\":\"ReadAction\",\"target\":[\"https:\\\/\\\/japan-in-baden-wuerttemberg.de\\\/djg2018\\\/impressum\\\/\"]}]},{\"@type\":\"BreadcrumbList\",\"@id\":\"https:\\\/\\\/japan-in-baden-wuerttemberg.de\\\/djg2018\\\/impressum\\\/#breadcrumb\",\"itemListElement\":[{\"@type\":\"ListItem\",\"position\":1,\"name\":\"Startseite\",\"item\":\"https:\\\/\\\/japan-in-baden-wuerttemberg.de\\\/djg2018\\\/\"},{\"@type\":\"ListItem\",\"position\":2,\"name\":\"Impressum\"}]},{\"@type\":\"WebSite\",\"@id\":\"https:\\\/\\\/japan-in-baden-wuerttemberg.de\\\/djg2018\\\/#website\",\"url\":\"https:\\\/\\\/japan-in-baden-wuerttemberg.de\\\/djg2018\\\/\",\"name\":\"DJG BW | Deutsch-Japanische Gesellschaft Baden-W\u00fcrttemberg e.V.\",\"description\":\"\",\"publisher\":{\"@id\":\"https:\\\/\\\/japan-in-baden-wuerttemberg.de\\\/djg2018\\\/#organization\"},\"potentialAction\":[{\"@type\":\"SearchAction\",\"target\":{\"@type\":\"EntryPoint\",\"urlTemplate\":\"https:\\\/\\\/japan-in-baden-wuerttemberg.de\\\/djg2018\\\/?s={search_term_string}\"},\"query-input\":{\"@type\":\"PropertyValueSpecification\",\"valueRequired\":true,\"valueName\":\"search_term_string\"}}],\"inLanguage\":\"de\"},{\"@type\":\"Organization\",\"@id\":\"https:\\\/\\\/japan-in-baden-wuerttemberg.de\\\/djg2018\\\/#organization\",\"name\":\"Deutsch-Japanische Gesellschaft Baden-W\u00fcrttemberg e.V.\",\"url\":\"https:\\\/\\\/japan-in-baden-wuerttemberg.de\\\/djg2018\\\/\",\"logo\":{\"@type\":\"ImageObject\",\"inLanguage\":\"de\",\"@id\":\"https:\\\/\\\/japan-in-baden-wuerttemberg.de\\\/djg2018\\\/#\\\/schema\\\/logo\\\/image\\\/\",\"url\":\"https:\\\/\\\/japan-in-baden-wuerttemberg.de\\\/djg2018\\\/wp-content\\\/uploads\\\/2018\\\/12\\\/djg_bw_logo2.jpg\",\"contentUrl\":\"https:\\\/\\\/japan-in-baden-wuerttemberg.de\\\/djg2018\\\/wp-content\\\/uploads\\\/2018\\\/12\\\/djg_bw_logo2.jpg\",\"width\":708,\"height\":200,\"caption\":\"Deutsch-Japanische Gesellschaft Baden-W\u00fcrttemberg e.V.\"},\"image\":{\"@id\":\"https:\\\/\\\/japan-in-baden-wuerttemberg.de\\\/djg2018\\\/#\\\/schema\\\/logo\\\/image\\\/\"}}]}<\/script>\n<!-- \/ Yoast SEO plugin. -->","yoast_head_json":{"title":"Impressum - DJG BW | Deutsch-Japanische Gesellschaft Baden-W\u00fcrttemberg e.V.","robots":{"index":"index","follow":"follow","max-snippet":"max-snippet:-1","max-image-preview":"max-image-preview:large","max-video-preview":"max-video-preview:-1"},"canonical":"https:\/\/japan-in-baden-wuerttemberg.de\/djg2018\/impressum\/","og_locale":"de_DE","og_type":"article","og_title":"Impressum - DJG BW | Deutsch-Japanische Gesellschaft Baden-W\u00fcrttemberg e.V.","og_description":"Verantwortlich (gem. \u00a7 5 TMG): Deutsch-Japanische Gesellschaft Baden-W\u00fcrttemberg e. V. Gesch\u00e4ftsf\u00fchrung Am Schillergarten 9 74366 Kirchheim am Neckar E-Mail: vorstand@djg-bw.de Vertretungsberechtigter Vorstand Dr. Susanne Germann Vorstandsvorsitzende \/ Pr\u00e4sidentin J\u00fcrgen Germann [&hellip;]","og_url":"https:\/\/japan-in-baden-wuerttemberg.de\/djg2018\/impressum\/","og_site_name":"DJG BW | Deutsch-Japanische Gesellschaft Baden-W\u00fcrttemberg e.V.","article_modified_time":"2025-07-28T11:29:56+00:00","twitter_card":"summary_large_image","twitter_misc":{"Gesch\u00e4tzte Lesezeit":"2\u00a0Minuten"},"schema":{"@context":"https:\/\/schema.org","@graph":[{"@type":"WebPage","@id":"https:\/\/japan-in-baden-wuerttemberg.de\/djg2018\/impressum\/","url":"https:\/\/japan-in-baden-wuerttemberg.de\/djg2018\/impressum\/","name":"Impressum - DJG BW | Deutsch-Japanische Gesellschaft Baden-W\u00fcrttemberg e.V.","isPartOf":{"@id":"https:\/\/japan-in-baden-wuerttemberg.de\/djg2018\/#website"},"datePublished":"2018-12-15T18:30:28+00:00","dateModified":"2025-07-28T11:29:56+00:00","breadcrumb":{"@id":"https:\/\/japan-in-baden-wuerttemberg.de\/djg2018\/impressum\/#breadcrumb"},"inLanguage":"de","potentialAction":[{"@type":"ReadAction","target":["https:\/\/japan-in-baden-wuerttemberg.de\/djg2018\/impressum\/"]}]},{"@type":"BreadcrumbList","@id":"https:\/\/japan-in-baden-wuerttemberg.de\/djg2018\/impressum\/#breadcrumb","itemListElement":[{"@type":"ListItem","position":1,"name":"Startseite","item":"https:\/\/japan-in-baden-wuerttemberg.de\/djg2018\/"},{"@type":"ListItem","position":2,"name":"Impressum"}]},{"@type":"WebSite","@id":"https:\/\/japan-in-baden-wuerttemberg.de\/djg2018\/#website","url":"https:\/\/japan-in-baden-wuerttemberg.de\/djg2018\/","name":"DJG BW | Deutsch-Japanische Gesellschaft Baden-W\u00fcrttemberg e.V.","description":"","publisher":{"@id":"https:\/\/japan-in-baden-wuerttemberg.de\/djg2018\/#organization"},"potentialAction":[{"@type":"SearchAction","target":{"@type":"EntryPoint","urlTemplate":"https:\/\/japan-in-baden-wuerttemberg.de\/djg2018\/?s={search_term_string}"},"query-input":{"@type":"PropertyValueSpecification","valueRequired":true,"valueName":"search_term_string"}}],"inLanguage":"de"},{"@type":"Organization","@id":"https:\/\/japan-in-baden-wuerttemberg.de\/djg2018\/#organization","name":"Deutsch-Japanische Gesellschaft Baden-W\u00fcrttemberg e.V.","url":"https:\/\/japan-in-baden-wuerttemberg.de\/djg2018\/","logo":{"@type":"ImageObject","inLanguage":"de","@id":"https:\/\/japan-in-baden-wuerttemberg.de\/djg2018\/#\/schema\/logo\/image\/","url":"https:\/\/japan-in-baden-wuerttemberg.de\/djg2018\/wp-content\/uploads\/2018\/12\/djg_bw_logo2.jpg","contentUrl":"https:\/\/japan-in-baden-wuerttemberg.de\/djg2018\/wp-content\/uploads\/2018\/12\/djg_bw_logo2.jpg","width":708,"height":200,"caption":"Deutsch-Japanische Gesellschaft Baden-W\u00fcrttemberg e.V."},"image":{"@id":"https:\/\/japan-in-baden-wuerttemberg.de\/djg2018\/#\/schema\/logo\/image\/"}}]}},"_links":{"self":[{"href":"https:\/\/japan-in-baden-wuerttemberg.de\/djg2018\/wp-json\/wp\/v2\/pages\/245","targetHints":{"allow":["GET"]}}],"collection":[{"href":"https:\/\/japan-in-baden-wuerttemberg.de\/djg2018\/wp-json\/wp\/v2\/pages"}],"about":[{"href":"https:\/\/japan-in-baden-wuerttemberg.de\/djg2018\/wp-json\/wp\/v2\/types\/page"}],"author":[{"embeddable":true,"href":"https:\/\/japan-in-baden-wuerttemberg.de\/djg2018\/wp-json\/wp\/v2\/users\/1"}],"replies":[{"embeddable":true,"href":"https:\/\/japan-in-baden-wuerttemberg.de\/djg2018\/wp-json\/wp\/v2\/comments?post=245"}],"version-history":[{"count":0,"href":"https:\/\/japan-in-baden-wuerttemberg.de\/djg2018\/wp-json\/wp\/v2\/pages\/245\/revisions"}],"wp:attachment":[{"href":"https:\/\/japan-in-baden-wuerttemberg.de\/djg2018\/wp-json\/wp\/v2\/media?parent=245"}],"curies":[{"name":"wp","href":"https:\/\/api.w.org\/{rel}","templated":true}]}}